{"id":3,"date":"2021-06-01T14:09:14","date_gmt":"2021-06-01T14:09:14","guid":{"rendered":"https:\/\/jolie.vamtam.com\/?page_id=3"},"modified":"2025-09-11T23:08:57","modified_gmt":"2025-09-12T04:08:57","slug":"politica-de-privacidad","status":"publish","type":"page","link":"https:\/\/wecreation.club\/en\/politica-de-privacidad\/","title":{"rendered":"Pol\u00edtica de privacidad"},"content":{"rendered":"\t\t<div data-elementor-type=\"wp-page\" data-elementor-id=\"3\" class=\"elementor elementor-3\" data-elementor-post-type=\"page\">\n\t\t\t\t\t\t<section class=\"elementor-section elementor-top-section elementor-element elementor-element-4bf2cba elementor-section-boxed elementor-section-height-default elementor-section-height-default\" data-id=\"4bf2cba\" data-element_type=\"section\" data-e-type=\"section\">\n\t\t\t\t\t\t<div class=\"elementor-container elementor-column-gap-no\">\n\t\t\t\t\t<div class=\"elementor-column elementor-col-100 elementor-top-column elementor-element elementor-element-5dd1a03\" data-id=\"5dd1a03\" data-element_type=\"column\" data-e-type=\"column\" data-settings=\"{&quot;motion_fx_motion_fx_scrolling&quot;:&quot;yes&quot;,&quot;motion_fx_translateY_effect&quot;:&quot;yes&quot;,&quot;motion_fx_translateY_speed&quot;:{&quot;unit&quot;:&quot;px&quot;,&quot;size&quot;:2,&quot;sizes&quot;:[]},&quot;motion_fx_devices&quot;:[&quot;desktop&quot;],&quot;motion_fx_translateY_affectedRange&quot;:{&quot;unit&quot;:&quot;%&quot;,&quot;size&quot;:&quot;&quot;,&quot;sizes&quot;:{&quot;start&quot;:0,&quot;end&quot;:100}}}\">\n\t\t\t<div class=\"elementor-widget-wrap elementor-element-populated\">\n\t\t\t\t\t\t<div class=\"vamtam-has-theme-widget-styles elementor-element elementor-element-1b08461 elementor-invisible elementor-widget elementor-widget-text-editor\" data-id=\"1b08461\" data-element_type=\"widget\" data-e-type=\"widget\" data-settings=\"{&quot;_animation&quot;:&quot;fadeInDown&quot;,&quot;_animation_tablet&quot;:&quot;none&quot;,&quot;_animation_delay&quot;:300}\" data-widget_type=\"text-editor.default\">\n\t\t\t\t<div class=\"elementor-widget-container\">\n\t\t\t\t\t\t\t\t\t<h1>Pol\u00edtica de <span style=\"color: #ff6a00;\">~<\/span><\/h1>\t\t\t\t\t\t\t\t<\/div>\n\t\t\t\t<\/div>\n\t\t\t\t<div class=\"vamtam-has-theme-widget-styles elementor-element elementor-element-4b5f041 elementor-invisible elementor-widget elementor-widget-heading\" data-id=\"4b5f041\" data-element_type=\"widget\" data-e-type=\"widget\" data-settings=\"{&quot;_animation&quot;:&quot;fadeInUp&quot;,&quot;_animation_tablet&quot;:&quot;none&quot;,&quot;_animation_delay&quot;:400}\" data-widget_type=\"heading.default\">\n\t\t\t\t<div class=\"elementor-widget-container\">\n\t\t\t\t\t<h1 class=\"elementor-heading-title elementor-size-default\">privacidad<\/h1>\t\t\t\t<\/div>\n\t\t\t\t<\/div>\n\t\t\t\t\t<\/div>\n\t\t<\/div>\n\t\t\t\t\t<\/div>\n\t\t<\/section>\n\t\t\t\t<section class=\"elementor-section elementor-top-section elementor-element elementor-element-27590fcf elementor-section-boxed elementor-section-height-default elementor-section-height-default\" data-id=\"27590fcf\" data-element_type=\"section\" data-e-type=\"section\">\n\t\t\t\t\t\t<div class=\"elementor-container elementor-column-gap-no\">\n\t\t\t\t\t<div class=\"elementor-column elementor-col-100 elementor-top-column elementor-element elementor-element-9287207\" data-id=\"9287207\" data-element_type=\"column\" data-e-type=\"column\">\n\t\t\t<div class=\"elementor-widget-wrap elementor-element-populated\">\n\t\t\t\t\t\t<div class=\"vamtam-has-theme-widget-styles elementor-element elementor-element-768a6ca6 elementor-widget elementor-widget-text-editor\" data-id=\"768a6ca6\" data-element_type=\"widget\" data-e-type=\"widget\" data-widget_type=\"text-editor.default\">\n\t\t\t\t<div class=\"elementor-widget-container\">\n\t\t\t\t\t\t\t\t\t\n<h4 class=\"wp-block-heading\">Qui\u00e9nes somos<\/h4>\n\n\n\n<p>Nuestra direcci\u00f3n web es: https:\/\/jolie.vamtam.com<\/p>\n\n\n\n<h4 class=\"wp-block-heading\">Comentarios<\/h4>\n\n\n\n<p>Cuando los visitantes dejan comentarios en el sitio, recopilamos los datos que se muestran en el formulario de comentarios, as\u00ed como la direcci\u00f3n IP y el agente de usuario del navegador para ayudar a la detecci\u00f3n de spam.<\/p>\n\n\n\n<p>Una cadena an\u00f3nima creada a partir de tu correo electr\u00f3nico (tambi\u00e9n llamada hash) puede proporcionarse al servicio Gravatar para comprobar si lo usas. La pol\u00edtica de privacidad de Gravatar est\u00e1 disponible aqu\u00ed: https:\/\/automattic.com\/privacy\/. Tras la aprobaci\u00f3n de tu comentario, tu foto de perfil ser\u00e1 visible p\u00fablicamente en el contexto de tu comentario.<\/p>\n\n\n\n<h4 class=\"wp-block-heading\">Medios<\/h4>\n\n\n\n<p>Si subes im\u00e1genes al sitio web, deber\u00edas evitar subir im\u00e1genes con datos de ubicaci\u00f3n incrustados (EXIF GPS). Los visitantes del sitio pueden descargar y extraer cualquier dato de ubicaci\u00f3n de las im\u00e1genes del sitio.<\/p>\n\n\n\n<h4 class=\"wp-block-heading\">Cookies<\/h4>\n\n\n\n<p>Si dejas un comentario en nuestro sitio, puedes optar por guardar tu nombre, correo electr\u00f3nico y web en cookies. Esto es para tu comodidad, para que no tengas que volver a rellenar tus datos al dejar otro comentario. Estas cookies durar\u00e1n un a\u00f1o.<\/p>\n\n\n\n<p>Si visitas nuestra p\u00e1gina de inicio de sesi\u00f3n, configuraremos una cookie temporal para comprobar si tu navegador acepta cookies. Esta cookie no contiene datos personales y se elimina al cerrar el navegador.<\/p>\n\n\n\n<p>Cuando inicies sesi\u00f3n, configuraremos varias cookies para guardar tu informaci\u00f3n de acceso y tus preferencias de visualizaci\u00f3n en pantalla. Las cookies de inicio de sesi\u00f3n duran dos d\u00edas, y las de opciones de pantalla duran un a\u00f1o. Si seleccionas &#8220;Recordarme&#8221;, tu inicio de sesi\u00f3n persistir\u00e1 durante dos semanas. Si cierras la sesi\u00f3n, las cookies se eliminar\u00e1n.<\/p>\n\n\n\n<p>Si editas o publicas un art\u00edculo, se guardar\u00e1 una cookie adicional en tu navegador. Esta cookie no contiene datos personales e indica simplemente el ID de la publicaci\u00f3n del art\u00edculo que acabas de editar. Expira despu\u00e9s de un d\u00eda.<\/p>\n\n\n\n<h4 class=\"wp-block-heading\">Contenido incrustado de otros sitios web<\/h4>\n\n\n\n<p>Los art\u00edculos de este sitio pueden incluir contenido incrustado (por ejemplo, v\u00eddeos, im\u00e1genes, art\u00edculos, etc.). El contenido incrustado de otros sitios web se comporta de la misma manera que si el visitante hubiera visitado ese otro sitio web.<\/p>\n\n\n\n<p>Estos sitios web pueden recopilar datos sobre ti, usar cookies, incrustar un seguimiento adicional de terceros y supervisar tu interacci\u00f3n con ese contenido incrustado, incluido el seguimiento de tu interacci\u00f3n si tienes una cuenta y est\u00e1s conectado a ese sitio web.<\/p>\n\n\n\n<h4 class=\"wp-block-heading\">Con qui\u00e9n compartimos tus datos<\/h4>\n\n\n\n<p>Si solicitas un restablecimiento de contrase\u00f1a, tu direcci\u00f3n IP se incluir\u00e1 en el correo de restablecimiento.<\/p>\n\n\n\n<h4 class=\"wp-block-heading\">Cu\u00e1nto tiempo conservamos tus datos<\/h4>\n\n\n\n<p>Si dejas un comentario, el comentario y sus metadatos se conservan indefinidamente. Esto es para poder reconocer y aprobar autom\u00e1ticamente comentarios de seguimiento en lugar de mantenerlos en una cola de moderaci\u00f3n.<\/p>\n\n\n\n<p>Para los usuarios que se registran en nuestro sitio web (si corresponde), tambi\u00e9n almacenamos la informaci\u00f3n personal que proporcionan en su perfil de usuario. Todos los usuarios pueden ver, editar o eliminar su informaci\u00f3n personal en cualquier momento (excepto que no pueden cambiar su nombre de usuario). Los administradores del sitio tambi\u00e9n pueden ver y editar esa informaci\u00f3n.<\/p>\n\n\n\n<h4 class=\"wp-block-heading\">Qu\u00e9 derechos tienes sobre tus datos<\/h4>\n\n\n\n<p>Si tienes una cuenta en este sitio, o has dejado comentarios, puedes solicitar recibir un archivo exportado con los datos personales que tenemos sobre ti, incluidos los que nos hayas proporcionado. Tambi\u00e9n puedes solicitar que eliminemos cualquier dato personal que tengamos sobre ti. Esto no incluye ning\u00fan dato que estemos obligados a conservar con fines administrativos, legales o de seguridad.<\/p>\n\n\n\n<h4 class=\"wp-block-heading\">A d\u00f3nde enviamos tus datos<\/h4>\n\n\n\n<p>Los comentarios de los visitantes pueden ser revisados a trav\u00e9s de un servicio automatizado de detecci\u00f3n de spam.<\/p>\n\n\t\t\t\t\t\t\t\t<\/div>\n\t\t\t\t<\/div>\n\t\t\t\t\t<\/div>\n\t\t<\/div>\n\t\t\t\t\t<\/div>\n\t\t<\/section>\n\t\t\t\t<\/div>\n\t\t","protected":false},"excerpt":{"rendered":"<p>Pol\u00edtica de ~ privacidad Qui\u00e9nes somos Nuestra direcci\u00f3n web es: https:\/\/jolie.vamtam.com Comentarios Cuando los visitantes dejan comentarios en el sitio, recopilamos los datos que se muestran en el formulario de comentarios, as\u00ed como la direcci\u00f3n IP y el agente de usuario del navegador para ayudar a la detecci\u00f3n de spam. Una cadena an\u00f3nima creada a&#8230;<\/p>\n","protected":false},"author":1,"featured_media":3178,"parent":0,"menu_order":0,"comment_status":"closed","ping_status":"closed","template":"","meta":{"_acf_changed":false,"footnotes":""},"class_list":["post-3","page","type-page","status-publish","has-post-thumbnail","hentry"],"acf":[],"_links":{"self":[{"href":"https:\/\/wecreation.club\/en\/wp-json\/wp\/v2\/pages\/3","targetHints":{"allow":["GET"]}}],"collection":[{"href":"https:\/\/wecreation.club\/en\/wp-json\/wp\/v2\/pages"}],"about":[{"href":"https:\/\/wecreation.club\/en\/wp-json\/wp\/v2\/types\/page"}],"author":[{"embeddable":true,"href":"https:\/\/wecreation.club\/en\/wp-json\/wp\/v2\/users\/1"}],"replies":[{"embeddable":true,"href":"https:\/\/wecreation.club\/en\/wp-json\/wp\/v2\/comments?post=3"}],"version-history":[{"count":0,"href":"https:\/\/wecreation.club\/en\/wp-json\/wp\/v2\/pages\/3\/revisions"}],"wp:featuredmedia":[{"embeddable":true,"href":"https:\/\/wecreation.club\/en\/wp-json\/wp\/v2\/media\/3178"}],"wp:attachment":[{"href":"https:\/\/wecreation.club\/en\/wp-json\/wp\/v2\/media?parent=3"}],"curies":[{"name":"wp","href":"https:\/\/api.w.org\/{rel}","templated":true}]}}