{"id":1001819,"date":"2025-12-02T17:33:10","date_gmt":"2025-12-02T22:33:10","guid":{"rendered":"https:\/\/wecreation.club\/producto\/labial-liquido-mate\/"},"modified":"2026-04-01T10:30:16","modified_gmt":"2026-04-01T15:30:16","slug":"labial-liquido-mate","status":"publish","type":"product","link":"https:\/\/wecreation.club\/en\/product\/labial-liquido-mate\/","title":{"rendered":"Labial L\u00edquido Mate"},"content":{"rendered":"<div class=\"vgblk-rw-wrapper limit-wrapper\">Color de gran impacto y larga duraci\u00f3n. Pigmentos org\u00e1nicos y puros que<br \/>\nproporcionan un efecto mate impresionante que se mantiene durante todo el d\u00eda.<br \/>\nF\u00e1cil de usar, pincel en forma de almendra.<\/div>\n<p><!-- .vgblk-rw-wrapper --><\/p>\n","protected":false},"excerpt":{"rendered":"<p>Color de gran impacto y larga duraci\u00f3n. Pigmentos org\u00e1nicos y puros que proporcionan un efecto mate impresionante que se mantiene durante todo el d\u00eda. F\u00e1cil de usar, pincel en forma de almendra.<\/p>\n","protected":false},"featured_media":1001697,"template":"","meta":{"_acf_changed":false},"product_brand":[],"product_cat":[52],"product_tag":[417,683],"pa_color":[433,348,344,350,351,352,349,345,353,354,346,347],"class_list":{"0":"post-1001819","1":"product","2":"type-product","3":"status-publish","4":"has-post-thumbnail","6":"product_cat-labios","7":"product_tag-labiales-liquidos","8":"product_tag-liquid-lipstick","10":"first","11":"instock","12":"shipping-taxable","13":"purchasable","14":"product-type-variable"},"acf":[],"_links":{"self":[{"href":"https:\/\/wecreation.club\/en\/wp-json\/wp\/v2\/product\/1001819","targetHints":{"allow":["GET"]}}],"collection":[{"href":"https:\/\/wecreation.club\/en\/wp-json\/wp\/v2\/product"}],"about":[{"href":"https:\/\/wecreation.club\/en\/wp-json\/wp\/v2\/types\/product"}],"version-history":[{"count":26,"href":"https:\/\/wecreation.club\/en\/wp-json\/wp\/v2\/product\/1001819\/revisions"}],"predecessor-version":[{"id":1011540,"href":"https:\/\/wecreation.club\/en\/wp-json\/wp\/v2\/product\/1001819\/revisions\/1011540"}],"wp:featuredmedia":[{"embeddable":true,"href":"https:\/\/wecreation.club\/en\/wp-json\/wp\/v2\/media\/1001697"}],"wp:attachment":[{"href":"https:\/\/wecreation.club\/en\/wp-json\/wp\/v2\/media?parent=1001819"}],"wp:term":[{"taxonomy":"product_brand","embeddable":true,"href":"https:\/\/wecreation.club\/en\/wp-json\/wp\/v2\/product_brand?post=1001819"},{"taxonomy":"product_cat","embeddable":true,"href":"https:\/\/wecreation.club\/en\/wp-json\/wp\/v2\/product_cat?post=1001819"},{"taxonomy":"product_tag","embeddable":true,"href":"https:\/\/wecreation.club\/en\/wp-json\/wp\/v2\/product_tag?post=1001819"},{"taxonomy":"pa_color","embeddable":true,"href":"https:\/\/wecreation.club\/en\/wp-json\/wp\/v2\/pa_color?post=1001819"}],"curies":[{"name":"wp","href":"https:\/\/api.w.org\/{rel}","templated":true}]}}