{"id":1001822,"date":"2025-12-02T17:33:12","date_gmt":"2025-12-02T22:33:12","guid":{"rendered":"https:\/\/wecreation.club\/producto\/matte-liquid-lipstick\/"},"modified":"2026-04-01T10:33:44","modified_gmt":"2026-04-01T15:33:44","slug":"matte-liquid-lipstick","status":"publish","type":"product","link":"https:\/\/wecreation.club\/en\/product\/matte-liquid-lipstick\/","title":{"rendered":"Matte Liquid Lipstick Fall Edition &#8211;"},"content":{"rendered":"<div class=\"vgblk-rw-wrapper limit-wrapper\">Color de gran impacto y larga duraci\u00f3n. Los Matte Liquid Lipstick combinan<br \/>\npigmentos org\u00e1nicos y puros que ofrecen un acabado mate impresionante que se<br \/>\nmantiene durante todo el d\u00eda. Su f\u00f3rmula ligera y de f\u00e1cil aplicaci\u00f3n, junto<br \/>\ncon el pincel en forma de almendra, permite definir los labios con precisi\u00f3n y<br \/>\nlograr un estilo uniforme en una sola pasada.<\/div>\n<p><!-- .vgblk-rw-wrapper --><\/p>\n","protected":false},"excerpt":{"rendered":"<p>Color de gran impacto y larga duraci\u00f3n. Los Matte Liquid Lipstick combinan pigmentos org\u00e1nicos y puros que ofrecen un acabado mate impresionante que se mantiene durante todo el d\u00eda. Su f\u00f3rmula ligera y de f\u00e1cil aplicaci\u00f3n, junto con el pincel en forma de almendra, permite definir los labios con precisi\u00f3n y lograr un estilo uniforme&#8230;<\/p>\n","protected":false},"featured_media":1001702,"template":"","meta":{"_acf_changed":false},"product_brand":[],"product_cat":[52],"product_tag":[417,683],"pa_color":[627,689,374,690],"class_list":{"0":"post-1001822","1":"product","2":"type-product","3":"status-publish","4":"has-post-thumbnail","6":"product_cat-labios","7":"product_tag-labiales-liquidos","8":"product_tag-liquid-lipstick","10":"first","11":"instock","12":"shipping-taxable","13":"purchasable","14":"product-type-variable"},"acf":[],"_links":{"self":[{"href":"https:\/\/wecreation.club\/en\/wp-json\/wp\/v2\/product\/1001822","targetHints":{"allow":["GET"]}}],"collection":[{"href":"https:\/\/wecreation.club\/en\/wp-json\/wp\/v2\/product"}],"about":[{"href":"https:\/\/wecreation.club\/en\/wp-json\/wp\/v2\/types\/product"}],"version-history":[{"count":26,"href":"https:\/\/wecreation.club\/en\/wp-json\/wp\/v2\/product\/1001822\/revisions"}],"predecessor-version":[{"id":1011558,"href":"https:\/\/wecreation.club\/en\/wp-json\/wp\/v2\/product\/1001822\/revisions\/1011558"}],"wp:featuredmedia":[{"embeddable":true,"href":"https:\/\/wecreation.club\/en\/wp-json\/wp\/v2\/media\/1001702"}],"wp:attachment":[{"href":"https:\/\/wecreation.club\/en\/wp-json\/wp\/v2\/media?parent=1001822"}],"wp:term":[{"taxonomy":"product_brand","embeddable":true,"href":"https:\/\/wecreation.club\/en\/wp-json\/wp\/v2\/product_brand?post=1001822"},{"taxonomy":"product_cat","embeddable":true,"href":"https:\/\/wecreation.club\/en\/wp-json\/wp\/v2\/product_cat?post=1001822"},{"taxonomy":"product_tag","embeddable":true,"href":"https:\/\/wecreation.club\/en\/wp-json\/wp\/v2\/product_tag?post=1001822"},{"taxonomy":"pa_color","embeddable":true,"href":"https:\/\/wecreation.club\/en\/wp-json\/wp\/v2\/pa_color?post=1001822"}],"curies":[{"name":"wp","href":"https:\/\/api.w.org\/{rel}","templated":true}]}}