{"id":1002193,"date":"2025-12-02T22:26:21","date_gmt":"2025-12-03T03:26:21","guid":{"rendered":"https:\/\/wecreation.club\/producto\/midnight-touch-bronzer\/"},"modified":"2026-04-01T10:59:21","modified_gmt":"2026-04-01T15:59:21","slug":"midnight-touch-bronzer","status":"publish","type":"product","link":"https:\/\/wecreation.club\/en\/product\/midnight-touch-bronzer\/","title":{"rendered":"Midnight Touch Bronzer"},"content":{"rendered":"<div class=\"vgblk-rw-wrapper limit-wrapper\">Bronzer l\u00edquido con textura sedosa que brinda un bronceado c\u00e1lido y natural en<br \/>\ncualquier \u00e9poca del a\u00f1o. Perfecto para dar calidez al rostro o definir las<br \/>\nfacciones con un acabado radiante.<\/div>\n<p><!-- .vgblk-rw-wrapper --><\/p>\n","protected":false},"excerpt":{"rendered":"<p>Bronzer l\u00edquido con textura sedosa que brinda un bronceado c\u00e1lido y natural en cualquier \u00e9poca del a\u00f1o. Perfecto para dar calidez al rostro o definir las facciones con un acabado radiante.<\/p>\n","protected":false},"featured_media":1001877,"template":"","meta":{"_acf_changed":false},"product_brand":[],"product_cat":[39],"product_tag":[418,671,670,423],"pa_color":[],"class_list":{"0":"post-1002193","1":"product","2":"type-product","3":"status-publish","4":"has-post-thumbnail","6":"product_cat-rostro","7":"product_tag-bronceadores","8":"product_tag-bronzer","9":"product_tag-highlighter-contour","10":"product_tag-iluminador-y-countouring","12":"first","13":"instock","14":"shipping-taxable","15":"purchasable","16":"product-type-simple"},"acf":[],"_links":{"self":[{"href":"https:\/\/wecreation.club\/en\/wp-json\/wp\/v2\/product\/1002193","targetHints":{"allow":["GET"]}}],"collection":[{"href":"https:\/\/wecreation.club\/en\/wp-json\/wp\/v2\/product"}],"about":[{"href":"https:\/\/wecreation.club\/en\/wp-json\/wp\/v2\/types\/product"}],"version-history":[{"count":24,"href":"https:\/\/wecreation.club\/en\/wp-json\/wp\/v2\/product\/1002193\/revisions"}],"predecessor-version":[{"id":1011633,"href":"https:\/\/wecreation.club\/en\/wp-json\/wp\/v2\/product\/1002193\/revisions\/1011633"}],"wp:featuredmedia":[{"embeddable":true,"href":"https:\/\/wecreation.club\/en\/wp-json\/wp\/v2\/media\/1001877"}],"wp:attachment":[{"href":"https:\/\/wecreation.club\/en\/wp-json\/wp\/v2\/media?parent=1002193"}],"wp:term":[{"taxonomy":"product_brand","embeddable":true,"href":"https:\/\/wecreation.club\/en\/wp-json\/wp\/v2\/product_brand?post=1002193"},{"taxonomy":"product_cat","embeddable":true,"href":"https:\/\/wecreation.club\/en\/wp-json\/wp\/v2\/product_cat?post=1002193"},{"taxonomy":"product_tag","embeddable":true,"href":"https:\/\/wecreation.club\/en\/wp-json\/wp\/v2\/product_tag?post=1002193"},{"taxonomy":"pa_color","embeddable":true,"href":"https:\/\/wecreation.club\/en\/wp-json\/wp\/v2\/pa_color?post=1002193"}],"curies":[{"name":"wp","href":"https:\/\/api.w.org\/{rel}","templated":true}]}}