{"id":1002213,"date":"2025-12-02T22:26:37","date_gmt":"2025-12-03T03:26:37","guid":{"rendered":"https:\/\/wecreation.club\/producto\/glam-up-eyeshadow-palette\/"},"modified":"2026-04-01T10:03:22","modified_gmt":"2026-04-01T15:03:22","slug":"glam-up-eyeshadow-palette","status":"publish","type":"product","link":"https:\/\/wecreation.club\/en\/product\/glam-up-eyeshadow-palette\/","title":{"rendered":"Glam Up Eyeshadow Palette"},"content":{"rendered":"<div class=\"vgblk-rw-wrapper limit-wrapper\">Glam Up Palette, reformulada y libre de talco con 12 tonos ic\u00f3nicos (8 tonos<br \/>\nmatte + 4 tonos brillantes). Crea distintos estilos de maquillaje desde un<br \/>\nlook fresco y ligero, hasta un maquillaje m\u00e1s elaborado para un evento<br \/>\nimportante de noche. Un b\u00e1sico de maquillaje con pigmentaci\u00f3n intensa y seguro<br \/>\npara tu piel.<br \/>\n&#8212;<\/div>\n<p><!-- .vgblk-rw-wrapper --><\/p>\n","protected":false},"excerpt":{"rendered":"<p>Glam Up Palette, reformulada y libre de talco con 12 tonos ic\u00f3nicos (8 tonos matte + 4 tonos brillantes). Crea distintos estilos de maquillaje desde un look fresco y ligero, hasta un maquillaje m\u00e1s elaborado para un evento importante de noche. Un b\u00e1sico de maquillaje con pigmentaci\u00f3n intensa y seguro para tu piel. &#8212;<\/p>\n","protected":false},"featured_media":1001903,"template":"","meta":{"_acf_changed":false},"product_brand":[125],"product_cat":[38],"product_tag":[679,416],"pa_color":[],"class_list":{"0":"post-1002213","1":"product","2":"type-product","3":"status-publish","4":"has-post-thumbnail","6":"product_brand-farmasi","7":"product_cat-ojos","8":"product_tag-eyeshadow-palettes","9":"product_tag-paletas-de-sombras","11":"first","12":"instock","13":"shipping-taxable","14":"purchasable","15":"product-type-simple"},"acf":[],"_links":{"self":[{"href":"https:\/\/wecreation.club\/en\/wp-json\/wp\/v2\/product\/1002213","targetHints":{"allow":["GET"]}}],"collection":[{"href":"https:\/\/wecreation.club\/en\/wp-json\/wp\/v2\/product"}],"about":[{"href":"https:\/\/wecreation.club\/en\/wp-json\/wp\/v2\/types\/product"}],"version-history":[{"count":33,"href":"https:\/\/wecreation.club\/en\/wp-json\/wp\/v2\/product\/1002213\/revisions"}],"predecessor-version":[{"id":1011471,"href":"https:\/\/wecreation.club\/en\/wp-json\/wp\/v2\/product\/1002213\/revisions\/1011471"}],"wp:featuredmedia":[{"embeddable":true,"href":"https:\/\/wecreation.club\/en\/wp-json\/wp\/v2\/media\/1001903"}],"wp:attachment":[{"href":"https:\/\/wecreation.club\/en\/wp-json\/wp\/v2\/media?parent=1002213"}],"wp:term":[{"taxonomy":"product_brand","embeddable":true,"href":"https:\/\/wecreation.club\/en\/wp-json\/wp\/v2\/product_brand?post=1002213"},{"taxonomy":"product_cat","embeddable":true,"href":"https:\/\/wecreation.club\/en\/wp-json\/wp\/v2\/product_cat?post=1002213"},{"taxonomy":"product_tag","embeddable":true,"href":"https:\/\/wecreation.club\/en\/wp-json\/wp\/v2\/product_tag?post=1002213"},{"taxonomy":"pa_color","embeddable":true,"href":"https:\/\/wecreation.club\/en\/wp-json\/wp\/v2\/pa_color?post=1002213"}],"curies":[{"name":"wp","href":"https:\/\/api.w.org\/{rel}","templated":true}]}}