{"id":1002221,"date":"2025-12-02T22:26:40","date_gmt":"2025-12-03T03:26:40","guid":{"rendered":"https:\/\/wecreation.club\/producto\/suero-para-cejas-y-pestanas\/"},"modified":"2026-04-01T10:03:12","modified_gmt":"2026-04-01T15:03:12","slug":"suero-para-cejas-y-pestanas","status":"publish","type":"product","link":"https:\/\/wecreation.club\/en\/product\/suero-para-cejas-y-pestanas\/","title":{"rendered":"Suero para Cejas y Pesta\u00f1as"},"content":{"rendered":"<div class=\"vgblk-rw-wrapper limit-wrapper\">Un suero intensivo dise\u00f1ado para nutrir y fortalecer tus cejas y pesta\u00f1as,<br \/>\npromoviendo un crecimiento m\u00e1s saludable y un aspecto m\u00e1s denso y definido. Su<br \/>\nf\u00f3rmula ligera se absorbe r\u00e1pidamente, dejando un acabado suave y sin<br \/>\nsensaci\u00f3n grasosa.<\/div>\n<p><!-- .vgblk-rw-wrapper --><\/p>\n","protected":false},"excerpt":{"rendered":"<p>Un suero intensivo dise\u00f1ado para nutrir y fortalecer tus cejas y pesta\u00f1as, promoviendo un crecimiento m\u00e1s saludable y un aspecto m\u00e1s denso y definido. Su f\u00f3rmula ligera se absorbe r\u00e1pidamente, dejando un acabado suave y sin sensaci\u00f3n grasosa.<\/p>\n","protected":false},"featured_media":1001926,"template":"","meta":{"_acf_changed":false},"product_brand":[],"product_cat":[38],"product_tag":[413,677,414],"pa_color":[],"class_list":{"0":"post-1002221","1":"product","2":"type-product","3":"status-publish","4":"has-post-thumbnail","6":"product_cat-ojos","7":"product_tag-cejas","8":"product_tag-eyebrow","9":"product_tag-mascara","11":"first","12":"instock","13":"shipping-taxable","14":"purchasable","15":"product-type-simple"},"acf":[],"_links":{"self":[{"href":"https:\/\/wecreation.club\/en\/wp-json\/wp\/v2\/product\/1002221","targetHints":{"allow":["GET"]}}],"collection":[{"href":"https:\/\/wecreation.club\/en\/wp-json\/wp\/v2\/product"}],"about":[{"href":"https:\/\/wecreation.club\/en\/wp-json\/wp\/v2\/types\/product"}],"version-history":[{"count":34,"href":"https:\/\/wecreation.club\/en\/wp-json\/wp\/v2\/product\/1002221\/revisions"}],"predecessor-version":[{"id":1011470,"href":"https:\/\/wecreation.club\/en\/wp-json\/wp\/v2\/product\/1002221\/revisions\/1011470"}],"wp:featuredmedia":[{"embeddable":true,"href":"https:\/\/wecreation.club\/en\/wp-json\/wp\/v2\/media\/1001926"}],"wp:attachment":[{"href":"https:\/\/wecreation.club\/en\/wp-json\/wp\/v2\/media?parent=1002221"}],"wp:term":[{"taxonomy":"product_brand","embeddable":true,"href":"https:\/\/wecreation.club\/en\/wp-json\/wp\/v2\/product_brand?post=1002221"},{"taxonomy":"product_cat","embeddable":true,"href":"https:\/\/wecreation.club\/en\/wp-json\/wp\/v2\/product_cat?post=1002221"},{"taxonomy":"product_tag","embeddable":true,"href":"https:\/\/wecreation.club\/en\/wp-json\/wp\/v2\/product_tag?post=1002221"},{"taxonomy":"pa_color","embeddable":true,"href":"https:\/\/wecreation.club\/en\/wp-json\/wp\/v2\/pa_color?post=1002221"}],"curies":[{"name":"wp","href":"https:\/\/api.w.org\/{rel}","templated":true}]}}