{"id":1002222,"date":"2025-12-02T22:26:40","date_gmt":"2025-12-03T03:26:40","guid":{"rendered":"https:\/\/wecreation.club\/producto\/zen-mascara\/"},"modified":"2026-04-01T10:06:31","modified_gmt":"2026-04-01T15:06:31","slug":"zen-mascara","status":"publish","type":"product","link":"https:\/\/wecreation.club\/en\/product\/zen-mascara\/","title":{"rendered":"Zen Mascara"},"content":{"rendered":"<div class=\"vgblk-rw-wrapper limit-wrapper\">M\u00e1scara de pesta\u00f1as que combina definici\u00f3n y volumen ligero con un cepillo<br \/>\nergon\u00f3mico para una aplicaci\u00f3n uniforme.<\/div>\n<p><!-- .vgblk-rw-wrapper --><\/p>\n","protected":false},"excerpt":{"rendered":"<p>M\u00e1scara de pesta\u00f1as que combina definici\u00f3n y volumen ligero con un cepillo ergon\u00f3mico para una aplicaci\u00f3n uniforme.<\/p>\n","protected":false},"featured_media":1001927,"template":"","meta":{"_acf_changed":false},"product_brand":[],"product_cat":[38],"product_tag":[414],"pa_color":[],"class_list":{"0":"post-1002222","1":"product","2":"type-product","3":"status-publish","4":"has-post-thumbnail","6":"product_cat-ojos","7":"product_tag-mascara","9":"first","10":"instock","11":"shipping-taxable","12":"purchasable","13":"product-type-simple"},"acf":[],"_links":{"self":[{"href":"https:\/\/wecreation.club\/en\/wp-json\/wp\/v2\/product\/1002222","targetHints":{"allow":["GET"]}}],"collection":[{"href":"https:\/\/wecreation.club\/en\/wp-json\/wp\/v2\/product"}],"about":[{"href":"https:\/\/wecreation.club\/en\/wp-json\/wp\/v2\/types\/product"}],"version-history":[{"count":30,"href":"https:\/\/wecreation.club\/en\/wp-json\/wp\/v2\/product\/1002222\/revisions"}],"predecessor-version":[{"id":1011486,"href":"https:\/\/wecreation.club\/en\/wp-json\/wp\/v2\/product\/1002222\/revisions\/1011486"}],"wp:featuredmedia":[{"embeddable":true,"href":"https:\/\/wecreation.club\/en\/wp-json\/wp\/v2\/media\/1001927"}],"wp:attachment":[{"href":"https:\/\/wecreation.club\/en\/wp-json\/wp\/v2\/media?parent=1002222"}],"wp:term":[{"taxonomy":"product_brand","embeddable":true,"href":"https:\/\/wecreation.club\/en\/wp-json\/wp\/v2\/product_brand?post=1002222"},{"taxonomy":"product_cat","embeddable":true,"href":"https:\/\/wecreation.club\/en\/wp-json\/wp\/v2\/product_cat?post=1002222"},{"taxonomy":"product_tag","embeddable":true,"href":"https:\/\/wecreation.club\/en\/wp-json\/wp\/v2\/product_tag?post=1002222"},{"taxonomy":"pa_color","embeddable":true,"href":"https:\/\/wecreation.club\/en\/wp-json\/wp\/v2\/pa_color?post=1002222"}],"curies":[{"name":"wp","href":"https:\/\/api.w.org\/{rel}","templated":true}]}}