{"id":1002223,"date":"2025-12-02T22:26:41","date_gmt":"2025-12-03T03:26:41","guid":{"rendered":"https:\/\/wecreation.club\/producto\/double-lash-mascara\/"},"modified":"2026-04-01T09:59:41","modified_gmt":"2026-04-01T14:59:41","slug":"double-lash-mascara","status":"publish","type":"product","link":"https:\/\/wecreation.club\/en\/product\/double-lash-mascara\/","title":{"rendered":"Double Lash Mascara"},"content":{"rendered":"<div class=\"vgblk-rw-wrapper limit-wrapper\">M\u00e1scara de pesta\u00f1as con cepillo doble de silic\u00f3n que aporta volumen y<br \/>\ndefinici\u00f3n desde la ra\u00edz hasta la punta, logrando una mirada intensa y<br \/>\nduradera.<\/div>\n<p><!-- .vgblk-rw-wrapper --><\/p>\n","protected":false},"excerpt":{"rendered":"<p>M\u00e1scara de pesta\u00f1as con cepillo doble de silic\u00f3n que aporta volumen y definici\u00f3n desde la ra\u00edz hasta la punta, logrando una mirada intensa y duradera.<\/p>\n","protected":false},"featured_media":1001929,"template":"","meta":{"_acf_changed":false},"product_brand":[],"product_cat":[38],"product_tag":[414],"pa_color":[],"class_list":{"0":"post-1002223","1":"product","2":"type-product","3":"status-publish","4":"has-post-thumbnail","6":"product_cat-ojos","7":"product_tag-mascara","9":"first","10":"instock","11":"shipping-taxable","12":"purchasable","13":"product-type-simple"},"acf":[],"_links":{"self":[{"href":"https:\/\/wecreation.club\/en\/wp-json\/wp\/v2\/product\/1002223","targetHints":{"allow":["GET"]}}],"collection":[{"href":"https:\/\/wecreation.club\/en\/wp-json\/wp\/v2\/product"}],"about":[{"href":"https:\/\/wecreation.club\/en\/wp-json\/wp\/v2\/types\/product"}],"version-history":[{"count":34,"href":"https:\/\/wecreation.club\/en\/wp-json\/wp\/v2\/product\/1002223\/revisions"}],"predecessor-version":[{"id":1011459,"href":"https:\/\/wecreation.club\/en\/wp-json\/wp\/v2\/product\/1002223\/revisions\/1011459"}],"wp:featuredmedia":[{"embeddable":true,"href":"https:\/\/wecreation.club\/en\/wp-json\/wp\/v2\/media\/1001929"}],"wp:attachment":[{"href":"https:\/\/wecreation.club\/en\/wp-json\/wp\/v2\/media?parent=1002223"}],"wp:term":[{"taxonomy":"product_brand","embeddable":true,"href":"https:\/\/wecreation.club\/en\/wp-json\/wp\/v2\/product_brand?post=1002223"},{"taxonomy":"product_cat","embeddable":true,"href":"https:\/\/wecreation.club\/en\/wp-json\/wp\/v2\/product_cat?post=1002223"},{"taxonomy":"product_tag","embeddable":true,"href":"https:\/\/wecreation.club\/en\/wp-json\/wp\/v2\/product_tag?post=1002223"},{"taxonomy":"pa_color","embeddable":true,"href":"https:\/\/wecreation.club\/en\/wp-json\/wp\/v2\/pa_color?post=1002223"}],"curies":[{"name":"wp","href":"https:\/\/api.w.org\/{rel}","templated":true}]}}