{"id":1002224,"date":"2025-12-02T22:26:41","date_gmt":"2025-12-03T03:26:41","guid":{"rendered":"https:\/\/wecreation.club\/producto\/cut-end-eye-crease-brush\/"},"modified":"2026-04-01T11:09:56","modified_gmt":"2026-04-01T16:09:56","slug":"cut-end-eye-crease-brush","status":"publish","type":"product","link":"https:\/\/wecreation.club\/en\/product\/cut-end-eye-crease-brush\/","title":{"rendered":"Cut end Eye-Crease Brush"},"content":{"rendered":"<div class=\"vgblk-rw-wrapper limit-wrapper\">La brocha Cut-end Eye-Crease Brush es tu secreto para lucir unos ojos<br \/>\ncautivadores. Dise\u00f1ado para trazar l\u00edneas precisas, este pincel presenta un<br \/>\ncorte \u00fanico que te permite definir y difuminar como experta la sombra sobre<br \/>\nlos p\u00e1rpados.<\/div>\n<p><!-- .vgblk-rw-wrapper --><\/p>\n","protected":false},"excerpt":{"rendered":"<p>La brocha Cut-end Eye-Crease Brush es tu secreto para lucir unos ojos cautivadores. Dise\u00f1ado para trazar l\u00edneas precisas, este pincel presenta un corte \u00fanico que te permite definir y difuminar como experta la sombra sobre los p\u00e1rpados.<\/p>\n","protected":false},"featured_media":1001930,"template":"","meta":{"_acf_changed":false},"product_brand":[125],"product_cat":[64],"product_tag":[431,717],"pa_color":[],"class_list":{"0":"post-1002224","1":"product","2":"type-product","3":"status-publish","4":"has-post-thumbnail","6":"product_brand-farmasi","7":"product_cat-accesorios","8":"product_tag-brochas-y-esponjas","9":"product_tag-brushes-sponges","11":"first","12":"instock","13":"shipping-taxable","14":"purchasable","15":"product-type-simple"},"acf":[],"_links":{"self":[{"href":"https:\/\/wecreation.club\/en\/wp-json\/wp\/v2\/product\/1002224","targetHints":{"allow":["GET"]}}],"collection":[{"href":"https:\/\/wecreation.club\/en\/wp-json\/wp\/v2\/product"}],"about":[{"href":"https:\/\/wecreation.club\/en\/wp-json\/wp\/v2\/types\/product"}],"version-history":[{"count":24,"href":"https:\/\/wecreation.club\/en\/wp-json\/wp\/v2\/product\/1002224\/revisions"}],"predecessor-version":[{"id":1011661,"href":"https:\/\/wecreation.club\/en\/wp-json\/wp\/v2\/product\/1002224\/revisions\/1011661"}],"wp:featuredmedia":[{"embeddable":true,"href":"https:\/\/wecreation.club\/en\/wp-json\/wp\/v2\/media\/1001930"}],"wp:attachment":[{"href":"https:\/\/wecreation.club\/en\/wp-json\/wp\/v2\/media?parent=1002224"}],"wp:term":[{"taxonomy":"product_brand","embeddable":true,"href":"https:\/\/wecreation.club\/en\/wp-json\/wp\/v2\/product_brand?post=1002224"},{"taxonomy":"product_cat","embeddable":true,"href":"https:\/\/wecreation.club\/en\/wp-json\/wp\/v2\/product_cat?post=1002224"},{"taxonomy":"product_tag","embeddable":true,"href":"https:\/\/wecreation.club\/en\/wp-json\/wp\/v2\/product_tag?post=1002224"},{"taxonomy":"pa_color","embeddable":true,"href":"https:\/\/wecreation.club\/en\/wp-json\/wp\/v2\/pa_color?post=1002224"}],"curies":[{"name":"wp","href":"https:\/\/api.w.org\/{rel}","templated":true}]}}