{"id":1002226,"date":"2025-12-02T22:26:46","date_gmt":"2025-12-03T03:26:46","guid":{"rendered":"https:\/\/wecreation.club\/producto\/blending-brush\/"},"modified":"2026-04-01T11:09:25","modified_gmt":"2026-04-01T16:09:25","slug":"blending-brush","status":"publish","type":"product","link":"https:\/\/wecreation.club\/en\/product\/blending-brush\/","title":{"rendered":"Blending Brush"},"content":{"rendered":"<div class=\"vgblk-rw-wrapper limit-wrapper\">Un pincel de mayor tama\u00f1o y ligeramente c\u00f3nico con fibras suaves para aplicar<br \/>\ny difuminar las sombras de ojos a la perfecci\u00f3n.<\/div>\n<p><!-- .vgblk-rw-wrapper --><\/p>\n","protected":false},"excerpt":{"rendered":"<p>Un pincel de mayor tama\u00f1o y ligeramente c\u00f3nico con fibras suaves para aplicar y difuminar las sombras de ojos a la perfecci\u00f3n.<\/p>\n","protected":false},"featured_media":1001932,"template":"","meta":{"_acf_changed":false},"product_brand":[125],"product_cat":[64],"product_tag":[431,717],"pa_color":[],"class_list":{"0":"post-1002226","1":"product","2":"type-product","3":"status-publish","4":"has-post-thumbnail","6":"product_brand-farmasi","7":"product_cat-accesorios","8":"product_tag-brochas-y-esponjas","9":"product_tag-brushes-sponges","11":"first","12":"instock","13":"shipping-taxable","14":"purchasable","15":"product-type-simple"},"acf":[],"_links":{"self":[{"href":"https:\/\/wecreation.club\/en\/wp-json\/wp\/v2\/product\/1002226","targetHints":{"allow":["GET"]}}],"collection":[{"href":"https:\/\/wecreation.club\/en\/wp-json\/wp\/v2\/product"}],"about":[{"href":"https:\/\/wecreation.club\/en\/wp-json\/wp\/v2\/types\/product"}],"version-history":[{"count":24,"href":"https:\/\/wecreation.club\/en\/wp-json\/wp\/v2\/product\/1002226\/revisions"}],"predecessor-version":[{"id":1011658,"href":"https:\/\/wecreation.club\/en\/wp-json\/wp\/v2\/product\/1002226\/revisions\/1011658"}],"wp:featuredmedia":[{"embeddable":true,"href":"https:\/\/wecreation.club\/en\/wp-json\/wp\/v2\/media\/1001932"}],"wp:attachment":[{"href":"https:\/\/wecreation.club\/en\/wp-json\/wp\/v2\/media?parent=1002226"}],"wp:term":[{"taxonomy":"product_brand","embeddable":true,"href":"https:\/\/wecreation.club\/en\/wp-json\/wp\/v2\/product_brand?post=1002226"},{"taxonomy":"product_cat","embeddable":true,"href":"https:\/\/wecreation.club\/en\/wp-json\/wp\/v2\/product_cat?post=1002226"},{"taxonomy":"product_tag","embeddable":true,"href":"https:\/\/wecreation.club\/en\/wp-json\/wp\/v2\/product_tag?post=1002226"},{"taxonomy":"pa_color","embeddable":true,"href":"https:\/\/wecreation.club\/en\/wp-json\/wp\/v2\/pa_color?post=1002226"}],"curies":[{"name":"wp","href":"https:\/\/api.w.org\/{rel}","templated":true}]}}