{"id":1002228,"date":"2025-12-02T22:26:47","date_gmt":"2025-12-03T03:26:47","guid":{"rendered":"https:\/\/wecreation.club\/producto\/flat-definer-brush\/"},"modified":"2026-04-01T11:10:17","modified_gmt":"2026-04-01T16:10:17","slug":"flat-definer-brush","status":"publish","type":"product","link":"https:\/\/wecreation.club\/en\/product\/flat-definer-brush\/","title":{"rendered":"Flat\u00a0 Definer\u00a0Brush"},"content":{"rendered":"<div class=\"vgblk-rw-wrapper limit-wrapper\">Con un dise\u00f1o de cerdas planas y gruesas, este pincel te permite aplicar y<br \/>\ndifuminar sin esfuerzo la sombra de ojos o el delineador a lo largo de la<br \/>\nl\u00ednea de las pesta\u00f1as, creando l\u00edneas n\u00edtidas y bordes sin manchas.<\/div>\n<p><!-- .vgblk-rw-wrapper --><\/p>\n","protected":false},"excerpt":{"rendered":"<p>Con un dise\u00f1o de cerdas planas y gruesas, este pincel te permite aplicar y difuminar sin esfuerzo la sombra de ojos o el delineador a lo largo de la l\u00ednea de las pesta\u00f1as, creando l\u00edneas n\u00edtidas y bordes sin manchas.<\/p>\n","protected":false},"featured_media":1001934,"template":"","meta":{"_acf_changed":false},"product_brand":[125],"product_cat":[64],"product_tag":[431,717],"pa_color":[],"class_list":{"0":"post-1002228","1":"product","2":"type-product","3":"status-publish","4":"has-post-thumbnail","6":"product_brand-farmasi","7":"product_cat-accesorios","8":"product_tag-brochas-y-esponjas","9":"product_tag-brushes-sponges","11":"first","12":"instock","13":"shipping-taxable","14":"purchasable","15":"product-type-simple"},"acf":[],"_links":{"self":[{"href":"https:\/\/wecreation.club\/en\/wp-json\/wp\/v2\/product\/1002228","targetHints":{"allow":["GET"]}}],"collection":[{"href":"https:\/\/wecreation.club\/en\/wp-json\/wp\/v2\/product"}],"about":[{"href":"https:\/\/wecreation.club\/en\/wp-json\/wp\/v2\/types\/product"}],"version-history":[{"count":24,"href":"https:\/\/wecreation.club\/en\/wp-json\/wp\/v2\/product\/1002228\/revisions"}],"predecessor-version":[{"id":1011663,"href":"https:\/\/wecreation.club\/en\/wp-json\/wp\/v2\/product\/1002228\/revisions\/1011663"}],"wp:featuredmedia":[{"embeddable":true,"href":"https:\/\/wecreation.club\/en\/wp-json\/wp\/v2\/media\/1001934"}],"wp:attachment":[{"href":"https:\/\/wecreation.club\/en\/wp-json\/wp\/v2\/media?parent=1002228"}],"wp:term":[{"taxonomy":"product_brand","embeddable":true,"href":"https:\/\/wecreation.club\/en\/wp-json\/wp\/v2\/product_brand?post=1002228"},{"taxonomy":"product_cat","embeddable":true,"href":"https:\/\/wecreation.club\/en\/wp-json\/wp\/v2\/product_cat?post=1002228"},{"taxonomy":"product_tag","embeddable":true,"href":"https:\/\/wecreation.club\/en\/wp-json\/wp\/v2\/product_tag?post=1002228"},{"taxonomy":"pa_color","embeddable":true,"href":"https:\/\/wecreation.club\/en\/wp-json\/wp\/v2\/pa_color?post=1002228"}],"curies":[{"name":"wp","href":"https:\/\/api.w.org\/{rel}","templated":true}]}}