{"id":1002240,"date":"2025-12-02T22:26:55","date_gmt":"2025-12-03T03:26:55","guid":{"rendered":"https:\/\/wecreation.club\/producto\/dr-c-tuna-tea-tree-balsamo-crema\/"},"modified":"2026-04-01T11:16:13","modified_gmt":"2026-04-01T16:16:13","slug":"dr-c-tuna-tea-tree-balsamo-crema","status":"publish","type":"product","link":"https:\/\/wecreation.club\/en\/product\/dr-c-tuna-tea-tree-balsamo-crema\/","title":{"rendered":"Dr. C Tuna Tea Tree B\u00e1lsamo Crema"},"content":{"rendered":"<div class=\"vgblk-rw-wrapper limit-wrapper\">Prueba el b\u00e1lsamo en crema de nutrici\u00f3n intensa que humecta la piel a<br \/>\nprofundidad, ya sea del rostro o del cuerpo y crea una barrera contra los<br \/>\nefectos negativos del medio ambiente. Su textura en b\u00e1lsamo ayuda a deslizarse<br \/>\nsuavemente sobre la piel mientras la protege y la restaura. La piel con<br \/>\ntendencia mixta-grasa tambi\u00e9n puede tener sensibilidad, resequedad \u00f3<br \/>\ndeshidrataci\u00f3n, \u00e9ste b\u00e1lsamo facial en crema la ayuda a recuperar su<br \/>\nequilibrio y suavidad.<\/div>\n<p><!-- .vgblk-rw-wrapper --><\/p>\n","protected":false},"excerpt":{"rendered":"<p>Prueba el b\u00e1lsamo en crema de nutrici\u00f3n intensa que humecta la piel a profundidad, ya sea del rostro o del cuerpo y crea una barrera contra los efectos negativos del medio ambiente. Su textura en b\u00e1lsamo ayuda a deslizarse suavemente sobre la piel mientras la protege y la restaura. La piel con tendencia mixta-grasa tambi\u00e9n&#8230;<\/p>\n","protected":false},"featured_media":1001946,"template":"","meta":{"_acf_changed":false},"product_brand":[125],"product_cat":[737,706,718,45,736,735,61],"product_tag":[510,738,508,509,726],"pa_color":[],"class_list":{"0":"post-1002240","1":"product","2":"type-product","3":"status-publish","4":"has-post-thumbnail","6":"product_brand-farmasi","7":"product_cat-arbol-de-te","8":"product_cat-compra-por-categoria","9":"product_cat-comprar-por-preocupacion","10":"product_cat-piel","11":"product_cat-piel-grasosa","12":"product_cat-piel-propensa-al-acne","13":"product_cat-sueros-y-tratamientos","14":"product_tag-arbol-de-te","15":"product_tag-oiliness","16":"product_tag-piel-grasosa","17":"product_tag-piel-propensa-al-acne","18":"product_tag-tea-tree","20":"first","21":"instock","22":"shipping-taxable","23":"purchasable","24":"product-type-simple"},"acf":[],"_links":{"self":[{"href":"https:\/\/wecreation.club\/en\/wp-json\/wp\/v2\/product\/1002240","targetHints":{"allow":["GET"]}}],"collection":[{"href":"https:\/\/wecreation.club\/en\/wp-json\/wp\/v2\/product"}],"about":[{"href":"https:\/\/wecreation.club\/en\/wp-json\/wp\/v2\/types\/product"}],"version-history":[{"count":24,"href":"https:\/\/wecreation.club\/en\/wp-json\/wp\/v2\/product\/1002240\/revisions"}],"predecessor-version":[{"id":1011697,"href":"https:\/\/wecreation.club\/en\/wp-json\/wp\/v2\/product\/1002240\/revisions\/1011697"}],"wp:featuredmedia":[{"embeddable":true,"href":"https:\/\/wecreation.club\/en\/wp-json\/wp\/v2\/media\/1001946"}],"wp:attachment":[{"href":"https:\/\/wecreation.club\/en\/wp-json\/wp\/v2\/media?parent=1002240"}],"wp:term":[{"taxonomy":"product_brand","embeddable":true,"href":"https:\/\/wecreation.club\/en\/wp-json\/wp\/v2\/product_brand?post=1002240"},{"taxonomy":"product_cat","embeddable":true,"href":"https:\/\/wecreation.club\/en\/wp-json\/wp\/v2\/product_cat?post=1002240"},{"taxonomy":"product_tag","embeddable":true,"href":"https:\/\/wecreation.club\/en\/wp-json\/wp\/v2\/product_tag?post=1002240"},{"taxonomy":"pa_color","embeddable":true,"href":"https:\/\/wecreation.club\/en\/wp-json\/wp\/v2\/pa_color?post=1002240"}],"curies":[{"name":"wp","href":"https:\/\/api.w.org\/{rel}","templated":true}]}}