{"id":1002244,"date":"2025-12-02T22:26:58","date_gmt":"2025-12-03T03:26:58","guid":{"rendered":"https:\/\/wecreation.club\/producto\/dr-c-tuna-reviving-aceite-capilar\/"},"modified":"2026-04-01T11:40:38","modified_gmt":"2026-04-01T16:40:38","slug":"dr-c-tuna-reviving-aceite-capilar","status":"publish","type":"product","link":"https:\/\/wecreation.club\/en\/product\/dr-c-tuna-reviving-aceite-capilar\/","title":{"rendered":"Dr. C. Tuna Reviving Aceite Capilar"},"content":{"rendered":"<div class=\"vgblk-rw-wrapper limit-wrapper\">Aceite revitalizante concentrado con aceite de girasol, vitamina E y aceite de<br \/>\nalmendras dulces. &#8220;transforma el cabello da\u00f1ado en una melena visiblemente m\u00e1s<br \/>\nfuerte, sedosa y llena de vida. Con cada aplicaci\u00f3n, aporta nutrici\u00f3n<br \/>\nintensiva y ayuda a reducir el quiebre y las puntas abiertas. Repara la fibra<br \/>\ncapilar da\u00f1ada. Nutre intensamente sin dejar sensaci\u00f3n pesada. Reduce el<br \/>\nquiebre y las puntas abiertas. Devuelve suavidad, brillo y elasticidad.<br \/>\nFortalece el cabello desde la ra\u00edz hasta las puntas. Perfecta para cabellos<br \/>\nsecos, maltratados o expuestos a procesos qu\u00edmicos y calor, que necesitan<br \/>\nreparaci\u00f3n profunda y extra nutrici\u00f3n.<\/div>\n<p><!-- .vgblk-rw-wrapper --><\/p>\n","protected":false},"excerpt":{"rendered":"<p>Aceite revitalizante concentrado con aceite de girasol, vitamina E y aceite de almendras dulces. &#8220;transforma el cabello da\u00f1ado en una melena visiblemente m\u00e1s fuerte, sedosa y llena de vida. Con cada aplicaci\u00f3n, aporta nutrici\u00f3n intensiva y ayuda a reducir el quiebre y las puntas abiertas. Repara la fibra capilar da\u00f1ada. Nutre intensamente sin dejar sensaci\u00f3n&#8230;<\/p>\n","protected":false},"featured_media":1001952,"template":"","meta":{"_acf_changed":false},"product_brand":[125],"product_cat":[409,120],"product_tag":[],"pa_color":[],"class_list":{"0":"post-1002244","1":"product","2":"type-product","3":"status-publish","4":"has-post-thumbnail","6":"product_brand-farmasi","7":"product_cat-aceites-sueros-y-aerosoles","8":"product_cat-cabello","10":"first","11":"instock","12":"shipping-taxable","13":"purchasable","14":"product-type-simple"},"acf":[],"_links":{"self":[{"href":"https:\/\/wecreation.club\/en\/wp-json\/wp\/v2\/product\/1002244","targetHints":{"allow":["GET"]}}],"collection":[{"href":"https:\/\/wecreation.club\/en\/wp-json\/wp\/v2\/product"}],"about":[{"href":"https:\/\/wecreation.club\/en\/wp-json\/wp\/v2\/types\/product"}],"version-history":[{"count":24,"href":"https:\/\/wecreation.club\/en\/wp-json\/wp\/v2\/product\/1002244\/revisions"}],"predecessor-version":[{"id":1011814,"href":"https:\/\/wecreation.club\/en\/wp-json\/wp\/v2\/product\/1002244\/revisions\/1011814"}],"wp:featuredmedia":[{"embeddable":true,"href":"https:\/\/wecreation.club\/en\/wp-json\/wp\/v2\/media\/1001952"}],"wp:attachment":[{"href":"https:\/\/wecreation.club\/en\/wp-json\/wp\/v2\/media?parent=1002244"}],"wp:term":[{"taxonomy":"product_brand","embeddable":true,"href":"https:\/\/wecreation.club\/en\/wp-json\/wp\/v2\/product_brand?post=1002244"},{"taxonomy":"product_cat","embeddable":true,"href":"https:\/\/wecreation.club\/en\/wp-json\/wp\/v2\/product_cat?post=1002244"},{"taxonomy":"product_tag","embeddable":true,"href":"https:\/\/wecreation.club\/en\/wp-json\/wp\/v2\/product_tag?post=1002244"},{"taxonomy":"pa_color","embeddable":true,"href":"https:\/\/wecreation.club\/en\/wp-json\/wp\/v2\/pa_color?post=1002244"}],"curies":[{"name":"wp","href":"https:\/\/api.w.org\/{rel}","templated":true}]}}