{"id":1002249,"date":"2025-12-02T22:26:59","date_gmt":"2025-12-03T03:26:59","guid":{"rendered":"https:\/\/wecreation.club\/producto\/dr-c-tuna-age-reversist-limpiador-exfoliante\/"},"modified":"2026-04-01T11:11:49","modified_gmt":"2026-04-01T16:11:49","slug":"dr-c-tuna-age-reversist-limpiador-exfoliante","status":"publish","type":"product","link":"https:\/\/wecreation.club\/en\/product\/dr-c-tuna-age-reversist-limpiador-exfoliante\/","title":{"rendered":"Dr. C Tuna Age Reversist Limpiador Exfoliante"},"content":{"rendered":"<div class=\"vgblk-rw-wrapper limit-wrapper\">\u00a1Prevenci\u00f3n de arrugas y l\u00edneas finas! El limpiador exfoliante de Age<br \/>\nReversist limpia suavemente la piel sin da\u00f1arla, gracias a sus micro<br \/>\npart\u00edculas de exfoliaci\u00f3n. Ayuda a mantener el rostro hidratado, fresco y<br \/>\nterso.<\/div>\n<p><!-- .vgblk-rw-wrapper --><\/p>\n","protected":false},"excerpt":{"rendered":"<p>\u00a1Prevenci\u00f3n de arrugas y l\u00edneas finas! El limpiador exfoliante de Age Reversist limpia suavemente la piel sin da\u00f1arla, gracias a sus micro part\u00edculas de exfoliaci\u00f3n. Ayuda a mantener el rostro hidratado, fresco y terso.<\/p>\n","protected":false},"featured_media":1001958,"template":"","meta":{"_acf_changed":false},"product_brand":[125],"product_cat":[725,720,706,718,76,45],"product_tag":[504,722],"pa_color":[],"class_list":{"0":"post-1002249","1":"product","2":"type-product","3":"status-publish","4":"has-post-thumbnail","6":"product_brand-farmasi","7":"product_cat-age-reversist","8":"product_cat-arrugas-y-lineas-finas","9":"product_cat-compra-por-categoria","10":"product_cat-comprar-por-preocupacion","11":"product_cat-limpiadores","12":"product_cat-piel","13":"product_tag-age-reversist","14":"product_tag-wrinkles-fine-lines","16":"first","17":"instock","18":"shipping-taxable","19":"purchasable","20":"product-type-simple"},"acf":[],"_links":{"self":[{"href":"https:\/\/wecreation.club\/en\/wp-json\/wp\/v2\/product\/1002249","targetHints":{"allow":["GET"]}}],"collection":[{"href":"https:\/\/wecreation.club\/en\/wp-json\/wp\/v2\/product"}],"about":[{"href":"https:\/\/wecreation.club\/en\/wp-json\/wp\/v2\/types\/product"}],"version-history":[{"count":24,"href":"https:\/\/wecreation.club\/en\/wp-json\/wp\/v2\/product\/1002249\/revisions"}],"predecessor-version":[{"id":1011672,"href":"https:\/\/wecreation.club\/en\/wp-json\/wp\/v2\/product\/1002249\/revisions\/1011672"}],"wp:featuredmedia":[{"embeddable":true,"href":"https:\/\/wecreation.club\/en\/wp-json\/wp\/v2\/media\/1001958"}],"wp:attachment":[{"href":"https:\/\/wecreation.club\/en\/wp-json\/wp\/v2\/media?parent=1002249"}],"wp:term":[{"taxonomy":"product_brand","embeddable":true,"href":"https:\/\/wecreation.club\/en\/wp-json\/wp\/v2\/product_brand?post=1002249"},{"taxonomy":"product_cat","embeddable":true,"href":"https:\/\/wecreation.club\/en\/wp-json\/wp\/v2\/product_cat?post=1002249"},{"taxonomy":"product_tag","embeddable":true,"href":"https:\/\/wecreation.club\/en\/wp-json\/wp\/v2\/product_tag?post=1002249"},{"taxonomy":"pa_color","embeddable":true,"href":"https:\/\/wecreation.club\/en\/wp-json\/wp\/v2\/pa_color?post=1002249"}],"curies":[{"name":"wp","href":"https:\/\/api.w.org\/{rel}","templated":true}]}}