{"id":1002250,"date":"2025-12-02T22:27:00","date_gmt":"2025-12-03T03:27:00","guid":{"rendered":"https:\/\/wecreation.club\/producto\/dr-c-tuna-aceite-de-calendula\/"},"modified":"2026-04-01T11:15:51","modified_gmt":"2026-04-01T16:15:51","slug":"dr-c-tuna-aceite-de-calendula","status":"publish","type":"product","link":"https:\/\/wecreation.club\/en\/product\/dr-c-tuna-aceite-de-calendula\/","title":{"rendered":"Dr. C. Tuna Aceite de Cal\u00e9ndula"},"content":{"rendered":"<div class=\"vgblk-rw-wrapper limit-wrapper\">\u00a1Nutrici\u00f3n e hidrataci\u00f3n para pieles sensibles! Un aceite facial que ayuda a<br \/>\nprevenir la resequedad provocada por los factores ambientales, adem\u00e1s de<br \/>\nhidratar la piel gracias a su f\u00f3rmula con cal\u00e9ndula. Nutre la piel y deja una<br \/>\nsensaci\u00f3n suave y sedosa.<\/div>\n<p><!-- .vgblk-rw-wrapper --><\/p>\n","protected":false},"excerpt":{"rendered":"<p>\u00a1Nutrici\u00f3n e hidrataci\u00f3n para pieles sensibles! Un aceite facial que ayuda a prevenir la resequedad provocada por los factores ambientales, adem\u00e1s de hidratar la piel gracias a su f\u00f3rmula con cal\u00e9ndula. Nutre la piel y deja una sensaci\u00f3n suave y sedosa.<\/p>\n","protected":false},"featured_media":1001959,"template":"","meta":{"_acf_changed":false},"product_brand":[125],"product_cat":[733,706,718,45,732,61],"product_tag":[406,407,734],"pa_color":[],"class_list":{"0":"post-1002250","1":"product","2":"type-product","3":"status-publish","4":"has-post-thumbnail","6":"product_brand-farmasi","7":"product_cat-calendula","8":"product_cat-compra-por-categoria","9":"product_cat-comprar-por-preocupacion","10":"product_cat-piel","11":"product_cat-piel-sensible","12":"product_cat-sueros-y-tratamientos","13":"product_tag-calendula","14":"product_tag-piel-sensible","15":"product_tag-sensitive-skin","17":"first","18":"instock","19":"shipping-taxable","20":"purchasable","21":"product-type-simple"},"acf":[],"_links":{"self":[{"href":"https:\/\/wecreation.club\/en\/wp-json\/wp\/v2\/product\/1002250","targetHints":{"allow":["GET"]}}],"collection":[{"href":"https:\/\/wecreation.club\/en\/wp-json\/wp\/v2\/product"}],"about":[{"href":"https:\/\/wecreation.club\/en\/wp-json\/wp\/v2\/types\/product"}],"version-history":[{"count":24,"href":"https:\/\/wecreation.club\/en\/wp-json\/wp\/v2\/product\/1002250\/revisions"}],"predecessor-version":[{"id":1011695,"href":"https:\/\/wecreation.club\/en\/wp-json\/wp\/v2\/product\/1002250\/revisions\/1011695"}],"wp:featuredmedia":[{"embeddable":true,"href":"https:\/\/wecreation.club\/en\/wp-json\/wp\/v2\/media\/1001959"}],"wp:attachment":[{"href":"https:\/\/wecreation.club\/en\/wp-json\/wp\/v2\/media?parent=1002250"}],"wp:term":[{"taxonomy":"product_brand","embeddable":true,"href":"https:\/\/wecreation.club\/en\/wp-json\/wp\/v2\/product_brand?post=1002250"},{"taxonomy":"product_cat","embeddable":true,"href":"https:\/\/wecreation.club\/en\/wp-json\/wp\/v2\/product_cat?post=1002250"},{"taxonomy":"product_tag","embeddable":true,"href":"https:\/\/wecreation.club\/en\/wp-json\/wp\/v2\/product_tag?post=1002250"},{"taxonomy":"pa_color","embeddable":true,"href":"https:\/\/wecreation.club\/en\/wp-json\/wp\/v2\/pa_color?post=1002250"}],"curies":[{"name":"wp","href":"https:\/\/api.w.org\/{rel}","templated":true}]}}