{"id":1002256,"date":"2025-12-02T22:27:07","date_gmt":"2025-12-03T03:27:07","guid":{"rendered":"https:\/\/wecreation.club\/producto\/dr-c-tuna-resurface-crema-contorno-de-ojos-avanzada\/"},"modified":"2026-04-01T11:17:48","modified_gmt":"2026-04-01T16:17:48","slug":"dr-c-tuna-resurface-crema-contorno-de-ojos-avanzada","status":"publish","type":"product","link":"https:\/\/wecreation.club\/en\/product\/dr-c-tuna-resurface-crema-contorno-de-ojos-avanzada\/","title":{"rendered":"Dr. C Tuna Resurface Crema Contorno de Ojos Avanzada"},"content":{"rendered":"<div class=\"vgblk-rw-wrapper limit-wrapper\">\u00a1R\u00e9gimen para signos visibles de envejecimiento, l\u00edneas finas y arrugas! Una<br \/>\ncrema para el contorno de ojos que ayuda a iluminar, hidratar y suavizar el<br \/>\n\u00e1rea, mientras ayuda a reducir la apariencia de l\u00edneas finas a lo largo del<br \/>\ntiempo.<\/div>\n<p><!-- .vgblk-rw-wrapper --><\/p>\n","protected":false},"excerpt":{"rendered":"<p>\u00a1R\u00e9gimen para signos visibles de envejecimiento, l\u00edneas finas y arrugas! Una crema para el contorno de ojos que ayuda a iluminar, hidratar y suavizar el \u00e1rea, mientras ayuda a reducir la apariencia de l\u00edneas finas a lo largo del tiempo.<\/p>\n","protected":false},"featured_media":1001966,"template":"","meta":{"_acf_changed":false},"product_brand":[125],"product_cat":[720,706,718,77,45,739],"product_tag":[408,722],"pa_color":[],"class_list":{"0":"post-1002256","1":"product","2":"type-product","3":"status-publish","4":"has-post-thumbnail","6":"product_brand-farmasi","7":"product_cat-arrugas-y-lineas-finas","8":"product_cat-compra-por-categoria","9":"product_cat-comprar-por-preocupacion","10":"product_cat-cuidado-de-ojos","11":"product_cat-piel","12":"product_cat-resurface","13":"product_tag-resurface","14":"product_tag-wrinkles-fine-lines","16":"first","17":"instock","18":"shipping-taxable","19":"purchasable","20":"product-type-simple"},"acf":[],"_links":{"self":[{"href":"https:\/\/wecreation.club\/en\/wp-json\/wp\/v2\/product\/1002256","targetHints":{"allow":["GET"]}}],"collection":[{"href":"https:\/\/wecreation.club\/en\/wp-json\/wp\/v2\/product"}],"about":[{"href":"https:\/\/wecreation.club\/en\/wp-json\/wp\/v2\/types\/product"}],"version-history":[{"count":24,"href":"https:\/\/wecreation.club\/en\/wp-json\/wp\/v2\/product\/1002256\/revisions"}],"predecessor-version":[{"id":1011703,"href":"https:\/\/wecreation.club\/en\/wp-json\/wp\/v2\/product\/1002256\/revisions\/1011703"}],"wp:featuredmedia":[{"embeddable":true,"href":"https:\/\/wecreation.club\/en\/wp-json\/wp\/v2\/media\/1001966"}],"wp:attachment":[{"href":"https:\/\/wecreation.club\/en\/wp-json\/wp\/v2\/media?parent=1002256"}],"wp:term":[{"taxonomy":"product_brand","embeddable":true,"href":"https:\/\/wecreation.club\/en\/wp-json\/wp\/v2\/product_brand?post=1002256"},{"taxonomy":"product_cat","embeddable":true,"href":"https:\/\/wecreation.club\/en\/wp-json\/wp\/v2\/product_cat?post=1002256"},{"taxonomy":"product_tag","embeddable":true,"href":"https:\/\/wecreation.club\/en\/wp-json\/wp\/v2\/product_tag?post=1002256"},{"taxonomy":"pa_color","embeddable":true,"href":"https:\/\/wecreation.club\/en\/wp-json\/wp\/v2\/pa_color?post=1002256"}],"curies":[{"name":"wp","href":"https:\/\/api.w.org\/{rel}","templated":true}]}}