{"id":1002265,"date":"2025-12-02T22:27:10","date_gmt":"2025-12-03T03:27:10","guid":{"rendered":"https:\/\/wecreation.club\/producto\/dr-c-tuna-age-reversist-suero\/"},"modified":"2026-04-01T11:12:32","modified_gmt":"2026-04-01T16:12:32","slug":"dr-c-tuna-age-reversist-suero","status":"publish","type":"product","link":"https:\/\/wecreation.club\/en\/product\/dr-c-tuna-age-reversist-suero\/","title":{"rendered":"Dr. C Tuna Age Reversist Suero"},"content":{"rendered":"<div class=\"vgblk-rw-wrapper limit-wrapper\">El S\u00e9rum Age Reversist ayuda a suavizar la piel y mejorar su textura , su<br \/>\nf\u00f3rmula ligera penetra f\u00e1cilmente, dejando un cutis suave y con un aspecto m\u00e1s<br \/>\njoven.<\/div>\n<p><!-- .vgblk-rw-wrapper --><\/p>\n","protected":false},"excerpt":{"rendered":"<p>El S\u00e9rum Age Reversist ayuda a suavizar la piel y mejorar su textura , su f\u00f3rmula ligera penetra f\u00e1cilmente, dejando un cutis suave y con un aspecto m\u00e1s joven.<\/p>\n","protected":false},"featured_media":1001975,"template":"","meta":{"_acf_changed":false},"product_brand":[125],"product_cat":[725,720,706,718,45,61],"product_tag":[504,722],"pa_color":[],"class_list":{"0":"post-1002265","1":"product","2":"type-product","3":"status-publish","4":"has-post-thumbnail","6":"product_brand-farmasi","7":"product_cat-age-reversist","8":"product_cat-arrugas-y-lineas-finas","9":"product_cat-compra-por-categoria","10":"product_cat-comprar-por-preocupacion","11":"product_cat-piel","12":"product_cat-sueros-y-tratamientos","13":"product_tag-age-reversist","14":"product_tag-wrinkles-fine-lines","16":"first","17":"instock","18":"shipping-taxable","19":"purchasable","20":"product-type-simple"},"acf":[],"_links":{"self":[{"href":"https:\/\/wecreation.club\/en\/wp-json\/wp\/v2\/product\/1002265","targetHints":{"allow":["GET"]}}],"collection":[{"href":"https:\/\/wecreation.club\/en\/wp-json\/wp\/v2\/product"}],"about":[{"href":"https:\/\/wecreation.club\/en\/wp-json\/wp\/v2\/types\/product"}],"version-history":[{"count":24,"href":"https:\/\/wecreation.club\/en\/wp-json\/wp\/v2\/product\/1002265\/revisions"}],"predecessor-version":[{"id":1011676,"href":"https:\/\/wecreation.club\/en\/wp-json\/wp\/v2\/product\/1002265\/revisions\/1011676"}],"wp:featuredmedia":[{"embeddable":true,"href":"https:\/\/wecreation.club\/en\/wp-json\/wp\/v2\/media\/1001975"}],"wp:attachment":[{"href":"https:\/\/wecreation.club\/en\/wp-json\/wp\/v2\/media?parent=1002265"}],"wp:term":[{"taxonomy":"product_brand","embeddable":true,"href":"https:\/\/wecreation.club\/en\/wp-json\/wp\/v2\/product_brand?post=1002265"},{"taxonomy":"product_cat","embeddable":true,"href":"https:\/\/wecreation.club\/en\/wp-json\/wp\/v2\/product_cat?post=1002265"},{"taxonomy":"product_tag","embeddable":true,"href":"https:\/\/wecreation.club\/en\/wp-json\/wp\/v2\/product_tag?post=1002265"},{"taxonomy":"pa_color","embeddable":true,"href":"https:\/\/wecreation.club\/en\/wp-json\/wp\/v2\/pa_color?post=1002265"}],"curies":[{"name":"wp","href":"https:\/\/api.w.org\/{rel}","templated":true}]}}