{"id":1002266,"date":"2025-12-02T22:27:10","date_gmt":"2025-12-03T03:27:10","guid":{"rendered":"https:\/\/wecreation.club\/producto\/dr-c-tuna-absolute-super-elixir\/"},"modified":"2026-04-01T11:11:07","modified_gmt":"2026-04-01T16:11:07","slug":"dr-c-tuna-absolute-super-elixir","status":"publish","type":"product","link":"https:\/\/wecreation.club\/en\/product\/dr-c-tuna-absolute-super-elixir\/","title":{"rendered":"Dr. C. Tuna Absolute Super Elixir"},"content":{"rendered":"<div class=\"vgblk-rw-wrapper limit-wrapper\">Un aceite ligero y nutritivo formulado con extractos 100% naturales, que<br \/>\nhidrata, protege y restaura tanto la piel como el cabello. Su textura sedosa<br \/>\nse absorbe r\u00e1pidamente sin dejar sensaci\u00f3n grasa, aportando un acabado<br \/>\nluminoso y saludable. &#8220;Piel con brillo radiante y saludable. Refuerza la<br \/>\nbarrera hidrolip\u00eddica con hidrataci\u00f3n de larga duraci\u00f3n. Embellece el cabello<br \/>\nde la ra\u00edz a las puntas, lo suaviza y elimina el frizz. Perfecto para quienes<br \/>\nbuscan un producto vers\u00e1til que nutra de pies a cabeza. Ideal para pieles que<br \/>\nnecesitan hidrataci\u00f3n profunda, cabellos con frizz o resequedad y para quienes<br \/>\ndesean un acabado luminoso, fresco y natural.<\/div>\n<p><!-- .vgblk-rw-wrapper --><\/p>\n","protected":false},"excerpt":{"rendered":"<p>Un aceite ligero y nutritivo formulado con extractos 100% naturales, que hidrata, protege y restaura tanto la piel como el cabello. Su textura sedosa se absorbe r\u00e1pidamente sin dejar sensaci\u00f3n grasa, aportando un acabado luminoso y saludable. &#8220;Piel con brillo radiante y saludable. Refuerza la barrera hidrolip\u00eddica con hidrataci\u00f3n de larga duraci\u00f3n. Embellece el cabello&#8230;<\/p>\n","protected":false},"featured_media":1001976,"template":"","meta":{"_acf_changed":false},"product_brand":[125],"product_cat":[719,409,720,706,718,45,721,61],"product_tag":[723,411,724,410,722],"pa_color":[],"class_list":{"0":"post-1002266","1":"product","2":"type-product","3":"status-publish","4":"has-post-thumbnail","6":"product_brand-farmasi","7":"product_cat-absolute-super-elixir","8":"product_cat-aceites-sueros-y-aerosoles","9":"product_cat-arrugas-y-lineas-finas","10":"product_cat-compra-por-categoria","11":"product_cat-comprar-por-preocupacion","12":"product_cat-piel","13":"product_cat-resequedad","14":"product_cat-sueros-y-tratamientos","15":"product_tag-absolute","16":"product_tag-absolute-super-elixir","17":"product_tag-dryness","18":"product_tag-resequedad","19":"product_tag-wrinkles-fine-lines","21":"first","22":"instock","23":"shipping-taxable","24":"purchasable","25":"product-type-simple"},"acf":[],"_links":{"self":[{"href":"https:\/\/wecreation.club\/en\/wp-json\/wp\/v2\/product\/1002266","targetHints":{"allow":["GET"]}}],"collection":[{"href":"https:\/\/wecreation.club\/en\/wp-json\/wp\/v2\/product"}],"about":[{"href":"https:\/\/wecreation.club\/en\/wp-json\/wp\/v2\/types\/product"}],"version-history":[{"count":24,"href":"https:\/\/wecreation.club\/en\/wp-json\/wp\/v2\/product\/1002266\/revisions"}],"predecessor-version":[{"id":1011668,"href":"https:\/\/wecreation.club\/en\/wp-json\/wp\/v2\/product\/1002266\/revisions\/1011668"}],"wp:featuredmedia":[{"embeddable":true,"href":"https:\/\/wecreation.club\/en\/wp-json\/wp\/v2\/media\/1001976"}],"wp:attachment":[{"href":"https:\/\/wecreation.club\/en\/wp-json\/wp\/v2\/media?parent=1002266"}],"wp:term":[{"taxonomy":"product_brand","embeddable":true,"href":"https:\/\/wecreation.club\/en\/wp-json\/wp\/v2\/product_brand?post=1002266"},{"taxonomy":"product_cat","embeddable":true,"href":"https:\/\/wecreation.club\/en\/wp-json\/wp\/v2\/product_cat?post=1002266"},{"taxonomy":"product_tag","embeddable":true,"href":"https:\/\/wecreation.club\/en\/wp-json\/wp\/v2\/product_tag?post=1002266"},{"taxonomy":"pa_color","embeddable":true,"href":"https:\/\/wecreation.club\/en\/wp-json\/wp\/v2\/pa_color?post=1002266"}],"curies":[{"name":"wp","href":"https:\/\/api.w.org\/{rel}","templated":true}]}}