{"id":1002279,"date":"2025-12-02T22:27:19","date_gmt":"2025-12-03T03:27:19","guid":{"rendered":"https:\/\/wecreation.club\/producto\/silver-radiance-set\/"},"modified":"2026-04-01T11:19:03","modified_gmt":"2026-04-01T16:19:03","slug":"silver-radiance-set","status":"publish","type":"product","link":"https:\/\/wecreation.club\/en\/product\/silver-radiance-set\/","title":{"rendered":"Silver Radiance Set"},"content":{"rendered":"<div class=\"vgblk-rw-wrapper limit-wrapper\">Revela el resplandor natural de tu piel con el **Set Silver Radiance**.<br \/>\nImpulsado por la l\u00ednea **Dr. C. Tuna Resurface** , este tr\u00edo trabaja en<br \/>\nconjunto para limpiar profundamente, suavizar e hidratar, logrando una tez m\u00e1s<br \/>\nluminosa y saludable. Completo con un bolso plateado de lujo, este set eleva<br \/>\ntu rutina diaria de cuidado de la piel con f\u00f3rmulas potentes y resultados<br \/>\nradiantes.<\/div>\n<p><!-- .vgblk-rw-wrapper --><\/p>\n","protected":false},"excerpt":{"rendered":"<p>Revela el resplandor natural de tu piel con el **Set Silver Radiance**. Impulsado por la l\u00ednea **Dr. C. Tuna Resurface** , este tr\u00edo trabaja en conjunto para limpiar profundamente, suavizar e hidratar, logrando una tez m\u00e1s luminosa y saludable. Completo con un bolso plateado de lujo, este set eleva tu rutina diaria de cuidado de&#8230;<\/p>\n","protected":false},"featured_media":1002000,"template":"","meta":{"_acf_changed":false},"product_brand":[125],"product_cat":[45,739],"product_tag":[408],"pa_color":[],"class_list":{"0":"post-1002279","1":"product","2":"type-product","3":"status-publish","4":"has-post-thumbnail","6":"product_brand-farmasi","7":"product_cat-piel","8":"product_cat-resurface","9":"product_tag-resurface","11":"first","12":"instock","13":"shipping-taxable","14":"purchasable","15":"product-type-simple"},"acf":[],"_links":{"self":[{"href":"https:\/\/wecreation.club\/en\/wp-json\/wp\/v2\/product\/1002279","targetHints":{"allow":["GET"]}}],"collection":[{"href":"https:\/\/wecreation.club\/en\/wp-json\/wp\/v2\/product"}],"about":[{"href":"https:\/\/wecreation.club\/en\/wp-json\/wp\/v2\/types\/product"}],"version-history":[{"count":24,"href":"https:\/\/wecreation.club\/en\/wp-json\/wp\/v2\/product\/1002279\/revisions"}],"predecessor-version":[{"id":1011710,"href":"https:\/\/wecreation.club\/en\/wp-json\/wp\/v2\/product\/1002279\/revisions\/1011710"}],"wp:featuredmedia":[{"embeddable":true,"href":"https:\/\/wecreation.club\/en\/wp-json\/wp\/v2\/media\/1002000"}],"wp:attachment":[{"href":"https:\/\/wecreation.club\/en\/wp-json\/wp\/v2\/media?parent=1002279"}],"wp:term":[{"taxonomy":"product_brand","embeddable":true,"href":"https:\/\/wecreation.club\/en\/wp-json\/wp\/v2\/product_brand?post=1002279"},{"taxonomy":"product_cat","embeddable":true,"href":"https:\/\/wecreation.club\/en\/wp-json\/wp\/v2\/product_cat?post=1002279"},{"taxonomy":"product_tag","embeddable":true,"href":"https:\/\/wecreation.club\/en\/wp-json\/wp\/v2\/product_tag?post=1002279"},{"taxonomy":"pa_color","embeddable":true,"href":"https:\/\/wecreation.club\/en\/wp-json\/wp\/v2\/pa_color?post=1002279"}],"curies":[{"name":"wp","href":"https:\/\/api.w.org\/{rel}","templated":true}]}}