{"id":1002281,"date":"2025-12-02T22:27:19","date_gmt":"2025-12-03T03:27:19","guid":{"rendered":"https:\/\/wecreation.club\/producto\/eye-liner-pencil-2\/"},"modified":"2026-04-01T10:03:01","modified_gmt":"2026-04-01T15:03:01","slug":"eye-liner-pencil-2","status":"publish","type":"product","link":"https:\/\/wecreation.club\/en\/product\/eye-liner-pencil-2\/","title":{"rendered":"Eye Liner Pencil"},"content":{"rendered":"<div class=\"vgblk-rw-wrapper limit-wrapper\">L\u00e1piz delineador de textura cremosa que permite crear l\u00edneas precisas, suaves<br \/>\ny de larga duraci\u00f3n, adaptable a looks naturales o intensos.<\/div>\n<p><!-- .vgblk-rw-wrapper --><\/p>\n","protected":false},"excerpt":{"rendered":"<p>L\u00e1piz delineador de textura cremosa que permite crear l\u00edneas precisas, suaves y de larga duraci\u00f3n, adaptable a looks naturales o intensos.<\/p>\n","protected":false},"featured_media":1008471,"template":"","meta":{"_acf_changed":false},"product_brand":[],"product_cat":[38],"product_tag":[424,678],"pa_color":[616,385,386,387,388,389,390,391,392,393],"class_list":{"0":"post-1002281","1":"product","2":"type-product","3":"status-publish","4":"has-post-thumbnail","6":"product_cat-ojos","7":"product_tag-delineador-de-ojos","8":"product_tag-eyeliner-dipliner","10":"first","11":"instock","12":"shipping-taxable","13":"purchasable","14":"product-type-variable"},"acf":[],"_links":{"self":[{"href":"https:\/\/wecreation.club\/en\/wp-json\/wp\/v2\/product\/1002281","targetHints":{"allow":["GET"]}}],"collection":[{"href":"https:\/\/wecreation.club\/en\/wp-json\/wp\/v2\/product"}],"about":[{"href":"https:\/\/wecreation.club\/en\/wp-json\/wp\/v2\/types\/product"}],"version-history":[{"count":34,"href":"https:\/\/wecreation.club\/en\/wp-json\/wp\/v2\/product\/1002281\/revisions"}],"predecessor-version":[{"id":1011460,"href":"https:\/\/wecreation.club\/en\/wp-json\/wp\/v2\/product\/1002281\/revisions\/1011460"}],"wp:featuredmedia":[{"embeddable":true,"href":"https:\/\/wecreation.club\/en\/wp-json\/wp\/v2\/media\/1008471"}],"wp:attachment":[{"href":"https:\/\/wecreation.club\/en\/wp-json\/wp\/v2\/media?parent=1002281"}],"wp:term":[{"taxonomy":"product_brand","embeddable":true,"href":"https:\/\/wecreation.club\/en\/wp-json\/wp\/v2\/product_brand?post=1002281"},{"taxonomy":"product_cat","embeddable":true,"href":"https:\/\/wecreation.club\/en\/wp-json\/wp\/v2\/product_cat?post=1002281"},{"taxonomy":"product_tag","embeddable":true,"href":"https:\/\/wecreation.club\/en\/wp-json\/wp\/v2\/product_tag?post=1002281"},{"taxonomy":"pa_color","embeddable":true,"href":"https:\/\/wecreation.club\/en\/wp-json\/wp\/v2\/pa_color?post=1002281"}],"curies":[{"name":"wp","href":"https:\/\/api.w.org\/{rel}","templated":true}]}}