{"id":1002284,"date":"2025-12-02T22:27:20","date_gmt":"2025-12-03T03:27:20","guid":{"rendered":"https:\/\/wecreation.club\/producto\/no-75-anniversary-eyeshadow-palette\/"},"modified":"2026-04-01T10:04:08","modified_gmt":"2026-04-01T15:04:08","slug":"no-75-anniversary-eyeshadow-palette","status":"publish","type":"product","link":"https:\/\/wecreation.club\/en\/product\/no-75-anniversary-eyeshadow-palette\/","title":{"rendered":"No. 75 Anniversary Eyeshadow Palette"},"content":{"rendered":"<div class=\"vgblk-rw-wrapper limit-wrapper\">\u00a1FARMASI cumple 75 a\u00f1os y lo estamos celebrando con color! La Paleta de<br \/>\nSombras de Ojos Aniversario No.75 es una colecci\u00f3n de edici\u00f3n limitada con 28<br \/>\ntonos atemporales y sofisticados, inspirados en 75 a\u00f1os de belleza, fuerza y<br \/>\nestilo. Cada tono rinde homenaje a las mujeres que hicieron posible este<br \/>\nviaje, un verdadero tributo al legado femenino.<\/div>\n<p><!-- .vgblk-rw-wrapper --><\/p>\n","protected":false},"excerpt":{"rendered":"<p>\u00a1FARMASI cumple 75 a\u00f1os y lo estamos celebrando con color! La Paleta de Sombras de Ojos Aniversario No.75 es una colecci\u00f3n de edici\u00f3n limitada con 28 tonos atemporales y sofisticados, inspirados en 75 a\u00f1os de belleza, fuerza y estilo. Cada tono rinde homenaje a las mujeres que hicieron posible este viaje, un verdadero tributo al&#8230;<\/p>\n","protected":false},"featured_media":1002013,"template":"","meta":{"_acf_changed":false},"product_brand":[125],"product_cat":[38,39],"product_tag":[679,416],"pa_color":[],"class_list":{"0":"post-1002284","1":"product","2":"type-product","3":"status-publish","4":"has-post-thumbnail","6":"product_brand-farmasi","7":"product_cat-ojos","8":"product_cat-rostro","9":"product_tag-eyeshadow-palettes","10":"product_tag-paletas-de-sombras","12":"first","13":"instock","14":"shipping-taxable","15":"purchasable","16":"product-type-simple"},"acf":[],"_links":{"self":[{"href":"https:\/\/wecreation.club\/en\/wp-json\/wp\/v2\/product\/1002284","targetHints":{"allow":["GET"]}}],"collection":[{"href":"https:\/\/wecreation.club\/en\/wp-json\/wp\/v2\/product"}],"about":[{"href":"https:\/\/wecreation.club\/en\/wp-json\/wp\/v2\/types\/product"}],"version-history":[{"count":32,"href":"https:\/\/wecreation.club\/en\/wp-json\/wp\/v2\/product\/1002284\/revisions"}],"predecessor-version":[{"id":1011475,"href":"https:\/\/wecreation.club\/en\/wp-json\/wp\/v2\/product\/1002284\/revisions\/1011475"}],"wp:featuredmedia":[{"embeddable":true,"href":"https:\/\/wecreation.club\/en\/wp-json\/wp\/v2\/media\/1002013"}],"wp:attachment":[{"href":"https:\/\/wecreation.club\/en\/wp-json\/wp\/v2\/media?parent=1002284"}],"wp:term":[{"taxonomy":"product_brand","embeddable":true,"href":"https:\/\/wecreation.club\/en\/wp-json\/wp\/v2\/product_brand?post=1002284"},{"taxonomy":"product_cat","embeddable":true,"href":"https:\/\/wecreation.club\/en\/wp-json\/wp\/v2\/product_cat?post=1002284"},{"taxonomy":"product_tag","embeddable":true,"href":"https:\/\/wecreation.club\/en\/wp-json\/wp\/v2\/product_tag?post=1002284"},{"taxonomy":"pa_color","embeddable":true,"href":"https:\/\/wecreation.club\/en\/wp-json\/wp\/v2\/pa_color?post=1002284"}],"curies":[{"name":"wp","href":"https:\/\/api.w.org\/{rel}","templated":true}]}}