{"id":1002310,"date":"2025-12-02T22:27:41","date_gmt":"2025-12-03T03:27:41","guid":{"rendered":"https:\/\/wecreation.club\/producto\/foundation-brush\/"},"modified":"2026-04-01T11:10:27","modified_gmt":"2026-04-01T16:10:27","slug":"foundation-brush","status":"publish","type":"product","link":"https:\/\/wecreation.club\/en\/product\/foundation-brush\/","title":{"rendered":"Foundation Brush"},"content":{"rendered":"<div class=\"vgblk-rw-wrapper limit-wrapper\">Luce un cutis impecable con nuestra brocha de maquillaje meticulosamente<br \/>\ndise\u00f1ada por expertos para una aplicaci\u00f3n suave y uniforme de tu base de<br \/>\nmaquillaje l\u00edquida o en crema favorita.<\/div>\n<p><!-- .vgblk-rw-wrapper --><\/p>\n","protected":false},"excerpt":{"rendered":"<p>Luce un cutis impecable con nuestra brocha de maquillaje meticulosamente dise\u00f1ada por expertos para una aplicaci\u00f3n suave y uniforme de tu base de maquillaje l\u00edquida o en crema favorita.<\/p>\n","protected":false},"featured_media":1002052,"template":"","meta":{"_acf_changed":false},"product_brand":[125],"product_cat":[64],"product_tag":[431,717],"pa_color":[],"class_list":{"0":"post-1002310","1":"product","2":"type-product","3":"status-publish","4":"has-post-thumbnail","6":"product_brand-farmasi","7":"product_cat-accesorios","8":"product_tag-brochas-y-esponjas","9":"product_tag-brushes-sponges","11":"first","12":"instock","13":"shipping-taxable","14":"purchasable","15":"product-type-simple"},"acf":[],"_links":{"self":[{"href":"https:\/\/wecreation.club\/en\/wp-json\/wp\/v2\/product\/1002310","targetHints":{"allow":["GET"]}}],"collection":[{"href":"https:\/\/wecreation.club\/en\/wp-json\/wp\/v2\/product"}],"about":[{"href":"https:\/\/wecreation.club\/en\/wp-json\/wp\/v2\/types\/product"}],"version-history":[{"count":24,"href":"https:\/\/wecreation.club\/en\/wp-json\/wp\/v2\/product\/1002310\/revisions"}],"predecessor-version":[{"id":1011664,"href":"https:\/\/wecreation.club\/en\/wp-json\/wp\/v2\/product\/1002310\/revisions\/1011664"}],"wp:featuredmedia":[{"embeddable":true,"href":"https:\/\/wecreation.club\/en\/wp-json\/wp\/v2\/media\/1002052"}],"wp:attachment":[{"href":"https:\/\/wecreation.club\/en\/wp-json\/wp\/v2\/media?parent=1002310"}],"wp:term":[{"taxonomy":"product_brand","embeddable":true,"href":"https:\/\/wecreation.club\/en\/wp-json\/wp\/v2\/product_brand?post=1002310"},{"taxonomy":"product_cat","embeddable":true,"href":"https:\/\/wecreation.club\/en\/wp-json\/wp\/v2\/product_cat?post=1002310"},{"taxonomy":"product_tag","embeddable":true,"href":"https:\/\/wecreation.club\/en\/wp-json\/wp\/v2\/product_tag?post=1002310"},{"taxonomy":"pa_color","embeddable":true,"href":"https:\/\/wecreation.club\/en\/wp-json\/wp\/v2\/pa_color?post=1002310"}],"curies":[{"name":"wp","href":"https:\/\/api.w.org\/{rel}","templated":true}]}}