{"id":1002311,"date":"2025-12-02T22:27:41","date_gmt":"2025-12-03T03:27:41","guid":{"rendered":"https:\/\/wecreation.club\/producto\/highlighter-brush\/"},"modified":"2026-04-01T11:10:37","modified_gmt":"2026-04-01T16:10:37","slug":"highlighter-brush","status":"publish","type":"product","link":"https:\/\/wecreation.club\/en\/product\/highlighter-brush\/","title":{"rendered":"Highlighter Brush"},"content":{"rendered":"<div class=\"vgblk-rw-wrapper limit-wrapper\">La herramienta perfecta para conseguir un cutis luminoso y radiante. Dise\u00f1ada<br \/>\ncon precisi\u00f3n, esta brocha cuenta con cerdas suaves y afiladas que permiten<br \/>\naplicar y difuminar sin esfuerzo el iluminador en los p\u00f3mulos, el hueso de la<br \/>\nceja y otros puntos destacados del rostro.<\/div>\n<p><!-- .vgblk-rw-wrapper --><\/p>\n","protected":false},"excerpt":{"rendered":"<p>La herramienta perfecta para conseguir un cutis luminoso y radiante. Dise\u00f1ada con precisi\u00f3n, esta brocha cuenta con cerdas suaves y afiladas que permiten aplicar y difuminar sin esfuerzo el iluminador en los p\u00f3mulos, el hueso de la ceja y otros puntos destacados del rostro.<\/p>\n","protected":false},"featured_media":1002053,"template":"","meta":{"_acf_changed":false},"product_brand":[125],"product_cat":[64],"product_tag":[431,717],"pa_color":[],"class_list":{"0":"post-1002311","1":"product","2":"type-product","3":"status-publish","4":"has-post-thumbnail","6":"product_brand-farmasi","7":"product_cat-accesorios","8":"product_tag-brochas-y-esponjas","9":"product_tag-brushes-sponges","11":"first","12":"instock","13":"shipping-taxable","14":"purchasable","15":"product-type-simple"},"acf":[],"_links":{"self":[{"href":"https:\/\/wecreation.club\/en\/wp-json\/wp\/v2\/product\/1002311","targetHints":{"allow":["GET"]}}],"collection":[{"href":"https:\/\/wecreation.club\/en\/wp-json\/wp\/v2\/product"}],"about":[{"href":"https:\/\/wecreation.club\/en\/wp-json\/wp\/v2\/types\/product"}],"version-history":[{"count":24,"href":"https:\/\/wecreation.club\/en\/wp-json\/wp\/v2\/product\/1002311\/revisions"}],"predecessor-version":[{"id":1011665,"href":"https:\/\/wecreation.club\/en\/wp-json\/wp\/v2\/product\/1002311\/revisions\/1011665"}],"wp:featuredmedia":[{"embeddable":true,"href":"https:\/\/wecreation.club\/en\/wp-json\/wp\/v2\/media\/1002053"}],"wp:attachment":[{"href":"https:\/\/wecreation.club\/en\/wp-json\/wp\/v2\/media?parent=1002311"}],"wp:term":[{"taxonomy":"product_brand","embeddable":true,"href":"https:\/\/wecreation.club\/en\/wp-json\/wp\/v2\/product_brand?post=1002311"},{"taxonomy":"product_cat","embeddable":true,"href":"https:\/\/wecreation.club\/en\/wp-json\/wp\/v2\/product_cat?post=1002311"},{"taxonomy":"product_tag","embeddable":true,"href":"https:\/\/wecreation.club\/en\/wp-json\/wp\/v2\/product_tag?post=1002311"},{"taxonomy":"pa_color","embeddable":true,"href":"https:\/\/wecreation.club\/en\/wp-json\/wp\/v2\/pa_color?post=1002311"}],"curies":[{"name":"wp","href":"https:\/\/api.w.org\/{rel}","templated":true}]}}