{"id":1002312,"date":"2025-12-02T22:27:42","date_gmt":"2025-12-03T03:27:42","guid":{"rendered":"https:\/\/wecreation.club\/producto\/dr-c-tuna-age-reversist-crema-hidratante\/"},"modified":"2026-04-01T11:12:21","modified_gmt":"2026-04-01T16:12:21","slug":"dr-c-tuna-age-reversist-crema-hidratante","status":"publish","type":"product","link":"https:\/\/wecreation.club\/en\/product\/dr-c-tuna-age-reversist-crema-hidratante\/","title":{"rendered":"Dr. C Tuna Age Reversist Crema Hidratante"},"content":{"rendered":"<div class=\"vgblk-rw-wrapper limit-wrapper\">\u00a1Prevenci\u00f3n de arrugas y l\u00edneas finas! La crema hidratante Age Reversist es de<br \/>\ntextura ligera, nutre e hidrata el rostro. Su f\u00f3rmula mantiene la humedad de<br \/>\nla piel durante todo el d\u00eda, ayudando a que conserve su flexibilidad y a<br \/>\nreducir la apariencia de l\u00edneas finas de expresi\u00f3n y arrugas.<\/div>\n<p><!-- .vgblk-rw-wrapper --><\/p>\n","protected":false},"excerpt":{"rendered":"<p>\u00a1Prevenci\u00f3n de arrugas y l\u00edneas finas! La crema hidratante Age Reversist es de textura ligera, nutre e hidrata el rostro. Su f\u00f3rmula mantiene la humedad de la piel durante todo el d\u00eda, ayudando a que conserve su flexibilidad y a reducir la apariencia de l\u00edneas finas de expresi\u00f3n y arrugas.<\/p>\n","protected":false},"featured_media":1002054,"template":"","meta":{"_acf_changed":false},"product_brand":[125],"product_cat":[725,720,706,718,46,45],"product_tag":[504,722],"pa_color":[],"class_list":{"0":"post-1002312","1":"product","2":"type-product","3":"status-publish","4":"has-post-thumbnail","6":"product_brand-farmasi","7":"product_cat-age-reversist","8":"product_cat-arrugas-y-lineas-finas","9":"product_cat-compra-por-categoria","10":"product_cat-comprar-por-preocupacion","11":"product_cat-cremas-hidratantes","12":"product_cat-piel","13":"product_tag-age-reversist","14":"product_tag-wrinkles-fine-lines","16":"first","17":"instock","18":"shipping-taxable","19":"purchasable","20":"product-type-simple"},"acf":[],"_links":{"self":[{"href":"https:\/\/wecreation.club\/en\/wp-json\/wp\/v2\/product\/1002312","targetHints":{"allow":["GET"]}}],"collection":[{"href":"https:\/\/wecreation.club\/en\/wp-json\/wp\/v2\/product"}],"about":[{"href":"https:\/\/wecreation.club\/en\/wp-json\/wp\/v2\/types\/product"}],"version-history":[{"count":24,"href":"https:\/\/wecreation.club\/en\/wp-json\/wp\/v2\/product\/1002312\/revisions"}],"predecessor-version":[{"id":1011675,"href":"https:\/\/wecreation.club\/en\/wp-json\/wp\/v2\/product\/1002312\/revisions\/1011675"}],"wp:featuredmedia":[{"embeddable":true,"href":"https:\/\/wecreation.club\/en\/wp-json\/wp\/v2\/media\/1002054"}],"wp:attachment":[{"href":"https:\/\/wecreation.club\/en\/wp-json\/wp\/v2\/media?parent=1002312"}],"wp:term":[{"taxonomy":"product_brand","embeddable":true,"href":"https:\/\/wecreation.club\/en\/wp-json\/wp\/v2\/product_brand?post=1002312"},{"taxonomy":"product_cat","embeddable":true,"href":"https:\/\/wecreation.club\/en\/wp-json\/wp\/v2\/product_cat?post=1002312"},{"taxonomy":"product_tag","embeddable":true,"href":"https:\/\/wecreation.club\/en\/wp-json\/wp\/v2\/product_tag?post=1002312"},{"taxonomy":"pa_color","embeddable":true,"href":"https:\/\/wecreation.club\/en\/wp-json\/wp\/v2\/pa_color?post=1002312"}],"curies":[{"name":"wp","href":"https:\/\/api.w.org\/{rel}","templated":true}]}}