{"id":1002314,"date":"2025-12-02T22:27:42","date_gmt":"2025-12-03T03:27:42","guid":{"rendered":"https:\/\/wecreation.club\/producto\/dr-c-tuna-age-reversist-crema-perfeccionadora-instantanea\/"},"modified":"2026-04-01T11:12:10","modified_gmt":"2026-04-01T16:12:10","slug":"dr-c-tuna-age-reversist-crema-perfeccionadora-instantanea","status":"publish","type":"product","link":"https:\/\/wecreation.club\/en\/product\/dr-c-tuna-age-reversist-crema-perfeccionadora-instantanea\/","title":{"rendered":"Dr. C Tuna Age Reversist Crema Perfeccionadora Instant\u00e1nea"},"content":{"rendered":"<div class=\"vgblk-rw-wrapper limit-wrapper\">\u00bfTienes un evento importante? Utiliza la crema perfeccionadora instant\u00e1nea.<br \/>\nFormulada con extracto de plancton, esta crema en gel se funde en la piel y<br \/>\nlibera propiedades para rellenar y tensar las l\u00edneas finas y las arrugas al<br \/>\ninstante. Ayuda a fortalecer la renovaci\u00f3n celular, adem\u00e1s de incrementar la<br \/>\nproducci\u00f3n de col\u00e1geno para brindar una apariencia juvenil.<\/div>\n<p><!-- .vgblk-rw-wrapper --><\/p>\n","protected":false},"excerpt":{"rendered":"<p>\u00bfTienes un evento importante? Utiliza la crema perfeccionadora instant\u00e1nea. Formulada con extracto de plancton, esta crema en gel se funde en la piel y libera propiedades para rellenar y tensar las l\u00edneas finas y las arrugas al instante. Ayuda a fortalecer la renovaci\u00f3n celular, adem\u00e1s de incrementar la producci\u00f3n de col\u00e1geno para brindar una apariencia&#8230;<\/p>\n","protected":false},"featured_media":1002057,"template":"","meta":{"_acf_changed":false},"product_brand":[125],"product_cat":[725,720,718,45],"product_tag":[504,722],"pa_color":[],"class_list":{"0":"post-1002314","1":"product","2":"type-product","3":"status-publish","4":"has-post-thumbnail","6":"product_brand-farmasi","7":"product_cat-age-reversist","8":"product_cat-arrugas-y-lineas-finas","9":"product_cat-comprar-por-preocupacion","10":"product_cat-piel","11":"product_tag-age-reversist","12":"product_tag-wrinkles-fine-lines","14":"first","15":"instock","16":"shipping-taxable","17":"purchasable","18":"product-type-simple"},"acf":[],"_links":{"self":[{"href":"https:\/\/wecreation.club\/en\/wp-json\/wp\/v2\/product\/1002314","targetHints":{"allow":["GET"]}}],"collection":[{"href":"https:\/\/wecreation.club\/en\/wp-json\/wp\/v2\/product"}],"about":[{"href":"https:\/\/wecreation.club\/en\/wp-json\/wp\/v2\/types\/product"}],"version-history":[{"count":24,"href":"https:\/\/wecreation.club\/en\/wp-json\/wp\/v2\/product\/1002314\/revisions"}],"predecessor-version":[{"id":1011674,"href":"https:\/\/wecreation.club\/en\/wp-json\/wp\/v2\/product\/1002314\/revisions\/1011674"}],"wp:featuredmedia":[{"embeddable":true,"href":"https:\/\/wecreation.club\/en\/wp-json\/wp\/v2\/media\/1002057"}],"wp:attachment":[{"href":"https:\/\/wecreation.club\/en\/wp-json\/wp\/v2\/media?parent=1002314"}],"wp:term":[{"taxonomy":"product_brand","embeddable":true,"href":"https:\/\/wecreation.club\/en\/wp-json\/wp\/v2\/product_brand?post=1002314"},{"taxonomy":"product_cat","embeddable":true,"href":"https:\/\/wecreation.club\/en\/wp-json\/wp\/v2\/product_cat?post=1002314"},{"taxonomy":"product_tag","embeddable":true,"href":"https:\/\/wecreation.club\/en\/wp-json\/wp\/v2\/product_tag?post=1002314"},{"taxonomy":"pa_color","embeddable":true,"href":"https:\/\/wecreation.club\/en\/wp-json\/wp\/v2\/pa_color?post=1002314"}],"curies":[{"name":"wp","href":"https:\/\/api.w.org\/{rel}","templated":true}]}}