{"id":1002319,"date":"2025-12-02T22:27:48","date_gmt":"2025-12-03T03:27:48","guid":{"rendered":"https:\/\/wecreation.club\/producto\/dr-c-tuna-aqua-crema-hidratante\/"},"modified":"2026-04-01T11:13:14","modified_gmt":"2026-04-01T16:13:14","slug":"dr-c-tuna-aqua-crema-hidratante","status":"publish","type":"product","link":"https:\/\/wecreation.club\/en\/product\/dr-c-tuna-aqua-crema-hidratante\/","title":{"rendered":"Dr. C Tuna Aqua Crema Hidratante"},"content":{"rendered":"<div class=\"vgblk-rw-wrapper limit-wrapper\">Hidrataci\u00f3n y humectaci\u00f3n para pieles deshidratadas. Su textura en gel ayuda a<br \/>\nlograr una hidrataci\u00f3n duradera, manteniendo la piel suave. Probado<br \/>\nDermatol\u00f3gicamente.<\/div>\n<p><!-- .vgblk-rw-wrapper --><\/p>\n","protected":false},"excerpt":{"rendered":"<p>Hidrataci\u00f3n y humectaci\u00f3n para pieles deshidratadas. Su textura en gel ayuda a lograr una hidrataci\u00f3n duradera, manteniendo la piel suave. Probado Dermatol\u00f3gicamente.<\/p>\n","protected":false},"featured_media":1002062,"template":"","meta":{"_acf_changed":false},"product_brand":[125],"product_cat":[728,706,718,46,45,721],"product_tag":[505,724,410],"pa_color":[],"class_list":{"0":"post-1002319","1":"product","2":"type-product","3":"status-publish","4":"has-post-thumbnail","6":"product_brand-farmasi","7":"product_cat-aqua","8":"product_cat-compra-por-categoria","9":"product_cat-comprar-por-preocupacion","10":"product_cat-cremas-hidratantes","11":"product_cat-piel","12":"product_cat-resequedad","13":"product_tag-aqua","14":"product_tag-dryness","15":"product_tag-resequedad","17":"first","18":"instock","19":"shipping-taxable","20":"purchasable","21":"product-type-simple"},"acf":[],"_links":{"self":[{"href":"https:\/\/wecreation.club\/en\/wp-json\/wp\/v2\/product\/1002319","targetHints":{"allow":["GET"]}}],"collection":[{"href":"https:\/\/wecreation.club\/en\/wp-json\/wp\/v2\/product"}],"about":[{"href":"https:\/\/wecreation.club\/en\/wp-json\/wp\/v2\/types\/product"}],"version-history":[{"count":24,"href":"https:\/\/wecreation.club\/en\/wp-json\/wp\/v2\/product\/1002319\/revisions"}],"predecessor-version":[{"id":1011680,"href":"https:\/\/wecreation.club\/en\/wp-json\/wp\/v2\/product\/1002319\/revisions\/1011680"}],"wp:featuredmedia":[{"embeddable":true,"href":"https:\/\/wecreation.club\/en\/wp-json\/wp\/v2\/media\/1002062"}],"wp:attachment":[{"href":"https:\/\/wecreation.club\/en\/wp-json\/wp\/v2\/media?parent=1002319"}],"wp:term":[{"taxonomy":"product_brand","embeddable":true,"href":"https:\/\/wecreation.club\/en\/wp-json\/wp\/v2\/product_brand?post=1002319"},{"taxonomy":"product_cat","embeddable":true,"href":"https:\/\/wecreation.club\/en\/wp-json\/wp\/v2\/product_cat?post=1002319"},{"taxonomy":"product_tag","embeddable":true,"href":"https:\/\/wecreation.club\/en\/wp-json\/wp\/v2\/product_tag?post=1002319"},{"taxonomy":"pa_color","embeddable":true,"href":"https:\/\/wecreation.club\/en\/wp-json\/wp\/v2\/pa_color?post=1002319"}],"curies":[{"name":"wp","href":"https:\/\/api.w.org\/{rel}","templated":true}]}}