{"id":1002322,"date":"2025-12-02T22:27:50","date_gmt":"2025-12-03T03:27:50","guid":{"rendered":"https:\/\/wecreation.club\/producto\/dr-c-tuna-lumi-radiance-gel-limpiador-iluminador\/"},"modified":"2026-04-01T11:14:16","modified_gmt":"2026-04-01T16:14:16","slug":"dr-c-tuna-lumi-radiance-gel-limpiador-iluminador","status":"publish","type":"product","link":"https:\/\/wecreation.club\/en\/product\/dr-c-tuna-lumi-radiance-gel-limpiador-iluminador\/","title":{"rendered":"Dr. C Tuna Lumi Radiance Gel Limpiador Iluminador"},"content":{"rendered":"<div class=\"vgblk-rw-wrapper limit-wrapper\">\u00a1Ilumina e iguala el tono de la piel: m\u00e1s abundante, m\u00e1s fuerte y m\u00e1s<br \/>\nefectivo! Un gel limpiador de uso diario que elimina impurezas e ilumina el<br \/>\ntono de la piel. Deja la piel con una sensaci\u00f3n suave, flexible y confortable.<\/div>\n<p><!-- .vgblk-rw-wrapper --><\/p>\n","protected":false},"excerpt":{"rendered":"<p>\u00a1Ilumina e iguala el tono de la piel: m\u00e1s abundante, m\u00e1s fuerte y m\u00e1s efectivo! Un gel limpiador de uso diario que elimina impurezas e ilumina el tono de la piel. Deja la piel con una sensaci\u00f3n suave, flexible y confortable.<\/p>\n","protected":false},"featured_media":1002065,"template":"","meta":{"_acf_changed":false},"product_brand":[125],"product_cat":[706,718,76,729,730,45],"product_tag":[731,727,506,507],"pa_color":[],"class_list":{"0":"post-1002322","1":"product","2":"type-product","3":"status-publish","4":"has-post-thumbnail","6":"product_brand-farmasi","7":"product_cat-compra-por-categoria","8":"product_cat-comprar-por-preocupacion","9":"product_cat-limpiadores","10":"product_cat-lumiradiance","11":"product_cat-manchas-oscuras","12":"product_cat-piel","13":"product_tag-dark-spots","14":"product_tag-lumi-radiance","15":"product_tag-lumiradiance","16":"product_tag-manchas-oscuras","18":"first","19":"instock","20":"shipping-taxable","21":"purchasable","22":"product-type-simple"},"acf":[],"_links":{"self":[{"href":"https:\/\/wecreation.club\/en\/wp-json\/wp\/v2\/product\/1002322","targetHints":{"allow":["GET"]}}],"collection":[{"href":"https:\/\/wecreation.club\/en\/wp-json\/wp\/v2\/product"}],"about":[{"href":"https:\/\/wecreation.club\/en\/wp-json\/wp\/v2\/types\/product"}],"version-history":[{"count":24,"href":"https:\/\/wecreation.club\/en\/wp-json\/wp\/v2\/product\/1002322\/revisions"}],"predecessor-version":[{"id":1011686,"href":"https:\/\/wecreation.club\/en\/wp-json\/wp\/v2\/product\/1002322\/revisions\/1011686"}],"wp:featuredmedia":[{"embeddable":true,"href":"https:\/\/wecreation.club\/en\/wp-json\/wp\/v2\/media\/1002065"}],"wp:attachment":[{"href":"https:\/\/wecreation.club\/en\/wp-json\/wp\/v2\/media?parent=1002322"}],"wp:term":[{"taxonomy":"product_brand","embeddable":true,"href":"https:\/\/wecreation.club\/en\/wp-json\/wp\/v2\/product_brand?post=1002322"},{"taxonomy":"product_cat","embeddable":true,"href":"https:\/\/wecreation.club\/en\/wp-json\/wp\/v2\/product_cat?post=1002322"},{"taxonomy":"product_tag","embeddable":true,"href":"https:\/\/wecreation.club\/en\/wp-json\/wp\/v2\/product_tag?post=1002322"},{"taxonomy":"pa_color","embeddable":true,"href":"https:\/\/wecreation.club\/en\/wp-json\/wp\/v2\/pa_color?post=1002322"}],"curies":[{"name":"wp","href":"https:\/\/api.w.org\/{rel}","templated":true}]}}