{"id":1002328,"date":"2025-12-02T22:27:52","date_gmt":"2025-12-03T03:27:52","guid":{"rendered":"https:\/\/wecreation.club\/producto\/dr-c-tuna-calendula-crema-facial\/"},"modified":"2026-04-01T11:15:19","modified_gmt":"2026-04-01T16:15:19","slug":"dr-c-tuna-calendula-crema-facial","status":"publish","type":"product","link":"https:\/\/wecreation.club\/en\/product\/dr-c-tuna-calendula-crema-facial\/","title":{"rendered":"Dr. C Tuna Cal\u00e9ndula Crema Facial"},"content":{"rendered":"<div class=\"vgblk-rw-wrapper limit-wrapper\">\u00a1Nutrici\u00f3n e hidrataci\u00f3n para pieles sensibles! Un rico humectante de r\u00e1pida<br \/>\nabsorci\u00f3n que proporciona hidrataci\u00f3n para pieles secas y sensibles.<\/div>\n<p><!-- .vgblk-rw-wrapper --><\/p>\n","protected":false},"excerpt":{"rendered":"<p>\u00a1Nutrici\u00f3n e hidrataci\u00f3n para pieles sensibles! Un rico humectante de r\u00e1pida absorci\u00f3n que proporciona hidrataci\u00f3n para pieles secas y sensibles.<\/p>\n","protected":false},"featured_media":1002071,"template":"","meta":{"_acf_changed":false},"product_brand":[125],"product_cat":[733,706,718,46,45,732],"product_tag":[406,407,734],"pa_color":[],"class_list":{"0":"post-1002328","1":"product","2":"type-product","3":"status-publish","4":"has-post-thumbnail","6":"product_brand-farmasi","7":"product_cat-calendula","8":"product_cat-compra-por-categoria","9":"product_cat-comprar-por-preocupacion","10":"product_cat-cremas-hidratantes","11":"product_cat-piel","12":"product_cat-piel-sensible","13":"product_tag-calendula","14":"product_tag-piel-sensible","15":"product_tag-sensitive-skin","17":"first","18":"instock","19":"shipping-taxable","20":"purchasable","21":"product-type-simple"},"acf":[],"_links":{"self":[{"href":"https:\/\/wecreation.club\/en\/wp-json\/wp\/v2\/product\/1002328","targetHints":{"allow":["GET"]}}],"collection":[{"href":"https:\/\/wecreation.club\/en\/wp-json\/wp\/v2\/product"}],"about":[{"href":"https:\/\/wecreation.club\/en\/wp-json\/wp\/v2\/types\/product"}],"version-history":[{"count":24,"href":"https:\/\/wecreation.club\/en\/wp-json\/wp\/v2\/product\/1002328\/revisions"}],"predecessor-version":[{"id":1011692,"href":"https:\/\/wecreation.club\/en\/wp-json\/wp\/v2\/product\/1002328\/revisions\/1011692"}],"wp:featuredmedia":[{"embeddable":true,"href":"https:\/\/wecreation.club\/en\/wp-json\/wp\/v2\/media\/1002071"}],"wp:attachment":[{"href":"https:\/\/wecreation.club\/en\/wp-json\/wp\/v2\/media?parent=1002328"}],"wp:term":[{"taxonomy":"product_brand","embeddable":true,"href":"https:\/\/wecreation.club\/en\/wp-json\/wp\/v2\/product_brand?post=1002328"},{"taxonomy":"product_cat","embeddable":true,"href":"https:\/\/wecreation.club\/en\/wp-json\/wp\/v2\/product_cat?post=1002328"},{"taxonomy":"product_tag","embeddable":true,"href":"https:\/\/wecreation.club\/en\/wp-json\/wp\/v2\/product_tag?post=1002328"},{"taxonomy":"pa_color","embeddable":true,"href":"https:\/\/wecreation.club\/en\/wp-json\/wp\/v2\/pa_color?post=1002328"}],"curies":[{"name":"wp","href":"https:\/\/api.w.org\/{rel}","templated":true}]}}