{"id":1002399,"date":"2025-12-02T22:28:40","date_gmt":"2025-12-03T03:28:40","guid":{"rendered":"https:\/\/wecreation.club\/producto\/dr-c-tuna-intensive-repair-shampoo\/"},"modified":"2026-04-01T11:39:05","modified_gmt":"2026-04-01T16:39:05","slug":"dr-c-tuna-intensive-repair-shampoo","status":"publish","type":"product","link":"https:\/\/wecreation.club\/en\/product\/dr-c-tuna-intensive-repair-shampoo\/","title":{"rendered":"Dr. C. Tuna Intensive Repair Shampoo"},"content":{"rendered":"<div class=\"vgblk-rw-wrapper limit-wrapper\">Champ\u00fa reparador que fortalece y devuelve el brillo al cabello quebradizo y<br \/>\nmaltratado. Sella puntas abiertas y renueva la vitalidad del cabello<br \/>\nprocesado. Fortalece los fol\u00edculos y aporta brillo al cabello procesado y<br \/>\nda\u00f1ado. Indicado para cabello da\u00f1ado y quebradizo.<\/div>\n<p><!-- .vgblk-rw-wrapper --><\/p>\n","protected":false},"excerpt":{"rendered":"<p>Champ\u00fa reparador que fortalece y devuelve el brillo al cabello quebradizo y maltratado. Sella puntas abiertas y renueva la vitalidad del cabello procesado. Fortalece los fol\u00edculos y aporta brillo al cabello procesado y da\u00f1ado. Indicado para cabello da\u00f1ado y quebradizo.<\/p>\n","protected":false},"featured_media":1002165,"template":"","meta":{"_acf_changed":false},"product_brand":[125],"product_cat":[120,157],"product_tag":[],"pa_color":[],"class_list":{"0":"post-1002399","1":"product","2":"type-product","3":"status-publish","4":"has-post-thumbnail","6":"product_brand-farmasi","7":"product_cat-cabello","8":"product_cat-shampoo","10":"first","11":"instock","12":"shipping-taxable","13":"purchasable","14":"product-type-simple"},"acf":[],"_links":{"self":[{"href":"https:\/\/wecreation.club\/en\/wp-json\/wp\/v2\/product\/1002399","targetHints":{"allow":["GET"]}}],"collection":[{"href":"https:\/\/wecreation.club\/en\/wp-json\/wp\/v2\/product"}],"about":[{"href":"https:\/\/wecreation.club\/en\/wp-json\/wp\/v2\/types\/product"}],"version-history":[{"count":24,"href":"https:\/\/wecreation.club\/en\/wp-json\/wp\/v2\/product\/1002399\/revisions"}],"predecessor-version":[{"id":1011805,"href":"https:\/\/wecreation.club\/en\/wp-json\/wp\/v2\/product\/1002399\/revisions\/1011805"}],"wp:featuredmedia":[{"embeddable":true,"href":"https:\/\/wecreation.club\/en\/wp-json\/wp\/v2\/media\/1002165"}],"wp:attachment":[{"href":"https:\/\/wecreation.club\/en\/wp-json\/wp\/v2\/media?parent=1002399"}],"wp:term":[{"taxonomy":"product_brand","embeddable":true,"href":"https:\/\/wecreation.club\/en\/wp-json\/wp\/v2\/product_brand?post=1002399"},{"taxonomy":"product_cat","embeddable":true,"href":"https:\/\/wecreation.club\/en\/wp-json\/wp\/v2\/product_cat?post=1002399"},{"taxonomy":"product_tag","embeddable":true,"href":"https:\/\/wecreation.club\/en\/wp-json\/wp\/v2\/product_tag?post=1002399"},{"taxonomy":"pa_color","embeddable":true,"href":"https:\/\/wecreation.club\/en\/wp-json\/wp\/v2\/pa_color?post=1002399"}],"curies":[{"name":"wp","href":"https:\/\/api.w.org\/{rel}","templated":true}]}}