{"id":1002400,"date":"2025-12-02T22:28:40","date_gmt":"2025-12-03T03:28:40","guid":{"rendered":"https:\/\/wecreation.club\/producto\/reviving-shampoo\/"},"modified":"2026-04-01T11:39:16","modified_gmt":"2026-04-01T16:39:16","slug":"reviving-shampoo","status":"publish","type":"product","link":"https:\/\/wecreation.club\/en\/product\/reviving-shampoo\/","title":{"rendered":"Reviving Shampoo"},"content":{"rendered":"<div class=\"vgblk-rw-wrapper limit-wrapper\">Champ\u00fa revitalizante que ayuda a fortalecer y suavizar el cabello fr\u00e1gil,<br \/>\nmanteni\u00e9ndolo brillante y saludable. Su f\u00f3rmula enriquecida con ajo, Capixyl \u2122<br \/>\ny el nuevo ingrediente patentado Trichogen \u2122 le dar\u00e1n vida a tu cabello.<br \/>\nAporta hidrataci\u00f3n, suavidad y brillo, dejando una sensaci\u00f3n de frescura que<br \/>\ndura todo el d\u00eda. Perfecto para cabellos normales a grasos que necesitan un<br \/>\nextra de vitalidad y frescura, o para quienes buscan un shampoo de uso diario<br \/>\nque mantenga el cabello ligero y con brillo natural.<\/div>\n<p><!-- .vgblk-rw-wrapper --><\/p>\n","protected":false},"excerpt":{"rendered":"<p>Champ\u00fa revitalizante que ayuda a fortalecer y suavizar el cabello fr\u00e1gil, manteni\u00e9ndolo brillante y saludable. Su f\u00f3rmula enriquecida con ajo, Capixyl \u2122 y el nuevo ingrediente patentado Trichogen \u2122 le dar\u00e1n vida a tu cabello. Aporta hidrataci\u00f3n, suavidad y brillo, dejando una sensaci\u00f3n de frescura que dura todo el d\u00eda. Perfecto para cabellos normales a&#8230;<\/p>\n","protected":false},"featured_media":1002166,"template":"","meta":{"_acf_changed":false},"product_brand":[125],"product_cat":[120,157],"product_tag":[],"pa_color":[],"class_list":{"0":"post-1002400","1":"product","2":"type-product","3":"status-publish","4":"has-post-thumbnail","6":"product_brand-farmasi","7":"product_cat-cabello","8":"product_cat-shampoo","10":"first","11":"instock","12":"shipping-taxable","13":"purchasable","14":"product-type-simple"},"acf":[],"_links":{"self":[{"href":"https:\/\/wecreation.club\/en\/wp-json\/wp\/v2\/product\/1002400","targetHints":{"allow":["GET"]}}],"collection":[{"href":"https:\/\/wecreation.club\/en\/wp-json\/wp\/v2\/product"}],"about":[{"href":"https:\/\/wecreation.club\/en\/wp-json\/wp\/v2\/types\/product"}],"version-history":[{"count":24,"href":"https:\/\/wecreation.club\/en\/wp-json\/wp\/v2\/product\/1002400\/revisions"}],"predecessor-version":[{"id":1011806,"href":"https:\/\/wecreation.club\/en\/wp-json\/wp\/v2\/product\/1002400\/revisions\/1011806"}],"wp:featuredmedia":[{"embeddable":true,"href":"https:\/\/wecreation.club\/en\/wp-json\/wp\/v2\/media\/1002166"}],"wp:attachment":[{"href":"https:\/\/wecreation.club\/en\/wp-json\/wp\/v2\/media?parent=1002400"}],"wp:term":[{"taxonomy":"product_brand","embeddable":true,"href":"https:\/\/wecreation.club\/en\/wp-json\/wp\/v2\/product_brand?post=1002400"},{"taxonomy":"product_cat","embeddable":true,"href":"https:\/\/wecreation.club\/en\/wp-json\/wp\/v2\/product_cat?post=1002400"},{"taxonomy":"product_tag","embeddable":true,"href":"https:\/\/wecreation.club\/en\/wp-json\/wp\/v2\/product_tag?post=1002400"},{"taxonomy":"pa_color","embeddable":true,"href":"https:\/\/wecreation.club\/en\/wp-json\/wp\/v2\/pa_color?post=1002400"}],"curies":[{"name":"wp","href":"https:\/\/api.w.org\/{rel}","templated":true}]}}