{"id":1002403,"date":"2025-12-02T22:28:41","date_gmt":"2025-12-03T03:28:41","guid":{"rendered":"https:\/\/wecreation.club\/producto\/dr-c-tuna-intensive-repair-mascarilla-capilar\/"},"modified":"2026-04-01T11:39:57","modified_gmt":"2026-04-01T16:39:57","slug":"dr-c-tuna-intensive-repair-mascarilla-capilar","status":"publish","type":"product","link":"https:\/\/wecreation.club\/en\/product\/dr-c-tuna-intensive-repair-mascarilla-capilar\/","title":{"rendered":"Dr. C. Tuna Intensive Repair Mascarilla Capilar"},"content":{"rendered":"<div class=\"vgblk-rw-wrapper limit-wrapper\">Protege el cabello quebradizo y procesado,sella las puntas abiertas y renueva<br \/>\nsu brillo. Repara la fibra capilar da\u00f1ada. Fortalece y reduce el quiebre.<br \/>\nSuaviza y mejora la elasticidad. Devuelve brillo y vitalidad. F\u00f3rmula ligera,<br \/>\nno apelmaza. Perfecta para cabellos secos, maltratados o debilitados por el<br \/>\ncalor, la coloraci\u00f3n o procesos qu\u00edmicos, que necesitan reparaci\u00f3n profunda y<br \/>\nnutrici\u00f3n extra.<\/div>\n<p><!-- .vgblk-rw-wrapper --><\/p>\n","protected":false},"excerpt":{"rendered":"<p>Protege el cabello quebradizo y procesado,sella las puntas abiertas y renueva su brillo. Repara la fibra capilar da\u00f1ada. Fortalece y reduce el quiebre. Suaviza y mejora la elasticidad. Devuelve brillo y vitalidad. F\u00f3rmula ligera, no apelmaza. Perfecta para cabellos secos, maltratados o debilitados por el calor, la coloraci\u00f3n o procesos qu\u00edmicos, que necesitan reparaci\u00f3n profunda&#8230;<\/p>\n","protected":false},"featured_media":1002169,"template":"","meta":{"_acf_changed":false},"product_brand":[125],"product_cat":[412,120],"product_tag":[],"pa_color":[],"class_list":{"0":"post-1002403","1":"product","2":"type-product","3":"status-publish","4":"has-post-thumbnail","6":"product_brand-farmasi","7":"product_cat-acondicionadores-y-mascarillas-capilares","8":"product_cat-cabello","10":"first","11":"instock","12":"shipping-taxable","13":"purchasable","14":"product-type-simple"},"acf":[],"_links":{"self":[{"href":"https:\/\/wecreation.club\/en\/wp-json\/wp\/v2\/product\/1002403","targetHints":{"allow":["GET"]}}],"collection":[{"href":"https:\/\/wecreation.club\/en\/wp-json\/wp\/v2\/product"}],"about":[{"href":"https:\/\/wecreation.club\/en\/wp-json\/wp\/v2\/types\/product"}],"version-history":[{"count":24,"href":"https:\/\/wecreation.club\/en\/wp-json\/wp\/v2\/product\/1002403\/revisions"}],"predecessor-version":[{"id":1011810,"href":"https:\/\/wecreation.club\/en\/wp-json\/wp\/v2\/product\/1002403\/revisions\/1011810"}],"wp:featuredmedia":[{"embeddable":true,"href":"https:\/\/wecreation.club\/en\/wp-json\/wp\/v2\/media\/1002169"}],"wp:attachment":[{"href":"https:\/\/wecreation.club\/en\/wp-json\/wp\/v2\/media?parent=1002403"}],"wp:term":[{"taxonomy":"product_brand","embeddable":true,"href":"https:\/\/wecreation.club\/en\/wp-json\/wp\/v2\/product_brand?post=1002403"},{"taxonomy":"product_cat","embeddable":true,"href":"https:\/\/wecreation.club\/en\/wp-json\/wp\/v2\/product_cat?post=1002403"},{"taxonomy":"product_tag","embeddable":true,"href":"https:\/\/wecreation.club\/en\/wp-json\/wp\/v2\/product_tag?post=1002403"},{"taxonomy":"pa_color","embeddable":true,"href":"https:\/\/wecreation.club\/en\/wp-json\/wp\/v2\/pa_color?post=1002403"}],"curies":[{"name":"wp","href":"https:\/\/api.w.org\/{rel}","templated":true}]}}