{"id":1003171,"date":"2025-12-13T23:02:20","date_gmt":"2025-12-14T04:02:20","guid":{"rendered":"https:\/\/wecreation.club\/producto\/electrolyte\/"},"modified":"2026-03-12T14:36:41","modified_gmt":"2026-03-12T19:36:41","slug":"electrolyte","status":"publish","type":"product","link":"https:\/\/wecreation.club\/en\/product\/electrolyte\/","title":{"rendered":"Electrolyte"},"content":{"rendered":"<div class=\"vgblk-rw-wrapper limit-wrapper\">Una infusi\u00f3n de vitalidad para recuperar tu hidrataci\u00f3n en un instante. Aporta<br \/>\nelectrolitos clave para el balance h\u00eddrico. Mejora el rendimiento f\u00edsico.<br \/>\nIndicado para personas activas, deportistas o cualquiera que necesite<br \/>\nrehidratarse de forma r\u00e1pida y efectiva.<\/div>\n<p><!-- .vgblk-rw-wrapper --><\/p>\n","protected":false},"excerpt":{"rendered":"<p>Una infusi\u00f3n de vitalidad para recuperar tu hidrataci\u00f3n en un instante. Aporta electrolitos clave para el balance h\u00eddrico. Mejora el rendimiento f\u00edsico. Indicado para personas activas, deportistas o cualquiera que necesite rehidratarse de forma r\u00e1pida y efectiva.<\/p>\n","protected":false},"featured_media":1003072,"template":"","meta":{"_acf_changed":false},"product_brand":[125],"product_cat":[50],"product_tag":[],"pa_color":[],"class_list":{"0":"post-1003171","1":"product","2":"type-product","3":"status-publish","4":"has-post-thumbnail","6":"product_brand-farmasi","7":"product_cat-nutricion","9":"first","10":"instock","11":"sale","12":"shipping-taxable","13":"purchasable","14":"product-type-simple"},"acf":[],"_links":{"self":[{"href":"https:\/\/wecreation.club\/en\/wp-json\/wp\/v2\/product\/1003171","targetHints":{"allow":["GET"]}}],"collection":[{"href":"https:\/\/wecreation.club\/en\/wp-json\/wp\/v2\/product"}],"about":[{"href":"https:\/\/wecreation.club\/en\/wp-json\/wp\/v2\/types\/product"}],"version-history":[{"count":2,"href":"https:\/\/wecreation.club\/en\/wp-json\/wp\/v2\/product\/1003171\/revisions"}],"predecessor-version":[{"id":1004430,"href":"https:\/\/wecreation.club\/en\/wp-json\/wp\/v2\/product\/1003171\/revisions\/1004430"}],"wp:featuredmedia":[{"embeddable":true,"href":"https:\/\/wecreation.club\/en\/wp-json\/wp\/v2\/media\/1003072"}],"wp:attachment":[{"href":"https:\/\/wecreation.club\/en\/wp-json\/wp\/v2\/media?parent=1003171"}],"wp:term":[{"taxonomy":"product_brand","embeddable":true,"href":"https:\/\/wecreation.club\/en\/wp-json\/wp\/v2\/product_brand?post=1003171"},{"taxonomy":"product_cat","embeddable":true,"href":"https:\/\/wecreation.club\/en\/wp-json\/wp\/v2\/product_cat?post=1003171"},{"taxonomy":"product_tag","embeddable":true,"href":"https:\/\/wecreation.club\/en\/wp-json\/wp\/v2\/product_tag?post=1003171"},{"taxonomy":"pa_color","embeddable":true,"href":"https:\/\/wecreation.club\/en\/wp-json\/wp\/v2\/pa_color?post=1003171"}],"curies":[{"name":"wp","href":"https:\/\/api.w.org\/{rel}","templated":true}]}}