{"id":1004622,"date":"2026-03-16T22:31:31","date_gmt":"2026-03-17T03:31:31","guid":{"rendered":"https:\/\/wecreation.club\/producto\/lip-oil\/"},"modified":"2026-04-01T10:25:22","modified_gmt":"2026-04-01T15:25:22","slug":"lip-oil","status":"publish","type":"product","link":"https:\/\/wecreation.club\/en\/product\/lip-oil\/","title":{"rendered":"Lip Oil"},"content":{"rendered":"<div class=\"vgblk-rw-wrapper limit-wrapper\">Aceite labial ligero que aporta brillo e hidrataci\u00f3n al instante.<br \/>\nTRANSPARENT es tu opci\u00f3n ideal para humedad pura y acabado brillante, sin<br \/>\ncolor a\u00f1adido. Enriquecido con aceites vegetales naturales y Vitamina E, nutre<br \/>\ny protege tus labios, realzando su brillo natural con un aroma limpio y sutil,<br \/>\ny una textura suave y no pegajosa.<br \/>\nContenido neto: 6 ml (0.20 oz.)<\/div>\n<p><!-- .vgblk-rw-wrapper --><\/p>\n","protected":false},"excerpt":{"rendered":"<p>Aceite labial ligero que aporta brillo e hidrataci\u00f3n al instante. TRANSPARENT es tu opci\u00f3n ideal para humedad pura y acabado brillante, sin color a\u00f1adido. Enriquecido con aceites vegetales naturales y Vitamina E, nutre y protege tus labios, realzando su brillo natural con un aroma limpio y sutil, y una textura suave y no pegajosa. Contenido&#8230;<\/p>\n","protected":false},"featured_media":1004464,"template":"","meta":{"_acf_changed":false},"product_brand":[],"product_cat":[52],"product_tag":[432,427,681,676],"pa_color":[688,687,686],"class_list":{"0":"post-1004622","1":"product","2":"type-product","3":"status-publish","4":"has-post-thumbnail","6":"product_cat-labios","7":"product_tag-brillo-de-labios","8":"product_tag-cuidado-de-los-labios","9":"product_tag-lip-balm-treatment","10":"product_tag-lip-gloss","12":"first","13":"instock","14":"shipping-taxable","15":"purchasable","16":"product-type-variable"},"acf":[],"_links":{"self":[{"href":"https:\/\/wecreation.club\/en\/wp-json\/wp\/v2\/product\/1004622","targetHints":{"allow":["GET"]}}],"collection":[{"href":"https:\/\/wecreation.club\/en\/wp-json\/wp\/v2\/product"}],"about":[{"href":"https:\/\/wecreation.club\/en\/wp-json\/wp\/v2\/types\/product"}],"version-history":[{"count":25,"href":"https:\/\/wecreation.club\/en\/wp-json\/wp\/v2\/product\/1004622\/revisions"}],"predecessor-version":[{"id":1011536,"href":"https:\/\/wecreation.club\/en\/wp-json\/wp\/v2\/product\/1004622\/revisions\/1011536"}],"wp:featuredmedia":[{"embeddable":true,"href":"https:\/\/wecreation.club\/en\/wp-json\/wp\/v2\/media\/1004464"}],"wp:attachment":[{"href":"https:\/\/wecreation.club\/en\/wp-json\/wp\/v2\/media?parent=1004622"}],"wp:term":[{"taxonomy":"product_brand","embeddable":true,"href":"https:\/\/wecreation.club\/en\/wp-json\/wp\/v2\/product_brand?post=1004622"},{"taxonomy":"product_cat","embeddable":true,"href":"https:\/\/wecreation.club\/en\/wp-json\/wp\/v2\/product_cat?post=1004622"},{"taxonomy":"product_tag","embeddable":true,"href":"https:\/\/wecreation.club\/en\/wp-json\/wp\/v2\/product_tag?post=1004622"},{"taxonomy":"pa_color","embeddable":true,"href":"https:\/\/wecreation.club\/en\/wp-json\/wp\/v2\/pa_color?post=1004622"}],"curies":[{"name":"wp","href":"https:\/\/api.w.org\/{rel}","templated":true}]}}